{"id":2453,"date":"2023-12-15T04:11:43","date_gmt":"2023-12-15T04:11:43","guid":{"rendered":"https:\/\/archi.oceanthemes.site\/?page_id=2453"},"modified":"2024-11-24T11:17:24","modified_gmt":"2024-11-24T11:17:24","slug":"project-creative-one","status":"publish","type":"page","link":"https:\/\/altinelmimari.com\/?page_id=2453","title":{"rendered":"Projeler"},"content":{"rendered":"\t\t<div data-elementor-type=\"wp-page\" data-elementor-id=\"2453\" class=\"elementor elementor-2453\">\n\t\t\t\t<div class=\"elementor-element elementor-element-4d67321 e-con-full e-flex e-con e-parent\" data-id=\"4d67321\" data-element_type=\"container\">\n\t\t\t\t<div class=\"elementor-element elementor-element-1da90be elementor-widget elementor-widget-ot-portfolio-creative-filter\" data-id=\"1da90be\" data-element_type=\"widget\" data-widget_type=\"ot-portfolio-creative-filter.default\">\n\t\t\t\t<div class=\"elementor-widget-container\">\n\t\t\t\t\t\r\n\t\t<div class=\"projects-filter-wrapper\">\r\n\t\t\t        \t\t<div class=\"isotope-filter\">\r\n\t        \t\t<ul>\r\n\t        \t\t\t\t        \t\t\t \t<li class=\"f-right\"><a href=\"#\" data-filter=\"*\" class=\"active filter-item\">T\u00dcM PROJELER<\/a><\/li>\r\n\t        \t\t\t\t\t                \t\t                \t<li>\r\n\t\t\t\t\t\t\t\t<a href='#' data-filter='.portfolio-category-id-61' class='filter-item'>Banyo<\/a>\r\n\t\t\t\t\t\t\t<\/li>\t                   \r\n\t\t                \t\t                \t<li>\r\n\t\t\t\t\t\t\t\t<a href='#' data-filter='.portfolio-category-id-59' class='filter-item'>Kafe \/ Restoran<\/a>\r\n\t\t\t\t\t\t\t<\/li>\t                   \r\n\t\t                \t\t                \t<li>\r\n\t\t\t\t\t\t\t\t<a href='#' data-filter='.portfolio-category-id-57' class='filter-item'>Konut<\/a>\r\n\t\t\t\t\t\t\t<\/li>\t                   \r\n\t\t                \t\t                \t<li>\r\n\t\t\t\t\t\t\t\t<a href='#' data-filter='.portfolio-category-id-60' class='filter-item'>Mutfak<\/a>\r\n\t\t\t\t\t\t\t<\/li>\t                   \r\n\t\t                \t\t                \t<li>\r\n\t\t\t\t\t\t\t\t<a href='#' data-filter='.portfolio-category-id-58' class='filter-item'>Ticari<\/a>\r\n\t\t\t\t\t\t\t<\/li>\t                   \r\n\t\t                \t\t\t\t\t<\/ul>\r\n\t\t\t\t<\/div>\r\n\t        \t\t\t\r\n\t        <div class=\"projects-masonry isotope pf_3_cols \">\r\n\t\t\t\t<div class=\"grid-sizer\"><\/div>\r\n\t            <article class=\"project-item portfolio-category-id-60 normal\">\r\n\t<div class=\"projects-box\">\r\n\t\t<figure class=\"projects-thumbnail overlay-creative hover-scale creative-one\" data-src=\"https:\/\/altinelmimari.com\/wp-content\/uploads\/2023\/12\/mutfak-son.jpg\" data-sub-html=\"Ata\u015fehir Mutfak Tadilat\u0131\">\r\n\t\t\t<a href=\"https:\/\/altinelmimari.com\/?ot_portfolio=atasehir-mutfak-tadilati\">\r\n\t\t\t\t<img fetchpriority=\"high\" decoding=\"async\" width=\"768\" height=\"512\" src=\"https:\/\/altinelmimari.com\/wp-content\/uploads\/2023\/12\/mutfak-son-768x512.jpg\" class=\"attachment-medium_large size-medium_large wp-image-7095\" alt=\"\" srcset=\"https:\/\/altinelmimari.com\/wp-content\/uploads\/2023\/12\/mutfak-son-768x512.jpg 768w, https:\/\/altinelmimari.com\/wp-content\/uploads\/2023\/12\/mutfak-son-300x200.jpg 300w, https:\/\/altinelmimari.com\/wp-content\/uploads\/2023\/12\/mutfak-son-1024x683.jpg 1024w, https:\/\/altinelmimari.com\/wp-content\/uploads\/2023\/12\/mutfak-son.jpg 1536w\" sizes=\"(max-width: 768px) 100vw, 768px\" \/>\t\t\t\t<span class=\"bg\"><\/span>\r\n\t\t\t\t<span class=\"line\"><\/span>\r\n\t\t\t\t<figcaption><h5 class=\"post-title\">Ata\u015fehir Mutfak Tadilat\u0131<\/h5><\/figcaption>\r\n\t\t\t\t<span class=\"btn-text\">DE\u011e\u0130\u015e\u0130M\u0130 G\u00d6R<\/span>\r\n\t\t\t<\/a>\r\n\t\t<\/figure>\r\n\t<\/div>\r\n<\/article>\r\n<article class=\"project-item portfolio-category-id-61 normal\">\r\n\t<div class=\"projects-box\">\r\n\t\t<figure class=\"projects-thumbnail overlay-creative hover-scale creative-one\" data-src=\"https:\/\/altinelmimari.com\/wp-content\/uploads\/2026\/02\/banyo-copy-scaled.jpg\" data-sub-html=\"ATA\u015eEH\u0130R BANYO TAD\u0130LAT\">\r\n\t\t\t<a href=\"https:\/\/altinelmimari.com\/?ot_portfolio=atasehir-banyo-tadilati\">\r\n\t\t\t\t<img decoding=\"async\" width=\"768\" height=\"500\" src=\"https:\/\/altinelmimari.com\/wp-content\/uploads\/2026\/02\/banyo-copy-768x500.jpg\" class=\"attachment-medium_large size-medium_large wp-image-7102\" alt=\"\" srcset=\"https:\/\/altinelmimari.com\/wp-content\/uploads\/2026\/02\/banyo-copy-768x500.jpg 768w, https:\/\/altinelmimari.com\/wp-content\/uploads\/2026\/02\/banyo-copy-300x195.jpg 300w, https:\/\/altinelmimari.com\/wp-content\/uploads\/2026\/02\/banyo-copy-1024x666.jpg 1024w, https:\/\/altinelmimari.com\/wp-content\/uploads\/2026\/02\/banyo-copy-1536x1000.jpg 1536w, https:\/\/altinelmimari.com\/wp-content\/uploads\/2026\/02\/banyo-copy-2048x1333.jpg 2048w\" sizes=\"(max-width: 768px) 100vw, 768px\" \/>\t\t\t\t<span class=\"bg\"><\/span>\r\n\t\t\t\t<span class=\"line\"><\/span>\r\n\t\t\t\t<figcaption><h5 class=\"post-title\">ATA\u015eEH\u0130R BANYO TAD\u0130LAT<\/h5><\/figcaption>\r\n\t\t\t\t<span class=\"btn-text\">DE\u011e\u0130\u015e\u0130M\u0130 G\u00d6R<\/span>\r\n\t\t\t<\/a>\r\n\t\t<\/figure>\r\n\t<\/div>\r\n<\/article>\r\n<article class=\"project-item portfolio-category-id-57 normal\">\r\n\t<div class=\"projects-box\">\r\n\t\t<figure class=\"projects-thumbnail overlay-creative hover-scale creative-one\" data-src=\"https:\/\/altinelmimari.com\/wp-content\/uploads\/2023\/12\/moda-kapak.jpg\" data-sub-html=\"MODA DA\u0130RE TAD\u0130LAT\">\r\n\t\t\t<a href=\"https:\/\/altinelmimari.com\/?ot_portfolio=moda\">\r\n\t\t\t\t<img decoding=\"async\" width=\"768\" height=\"500\" src=\"https:\/\/altinelmimari.com\/wp-content\/uploads\/2023\/12\/moda-kapak.jpg\" class=\"attachment-medium_large size-medium_large wp-image-6724\" alt=\"\" srcset=\"https:\/\/altinelmimari.com\/wp-content\/uploads\/2023\/12\/moda-kapak.jpg 768w, https:\/\/altinelmimari.com\/wp-content\/uploads\/2023\/12\/moda-kapak-300x195.jpg 300w\" sizes=\"(max-width: 768px) 100vw, 768px\" \/>\t\t\t\t<span class=\"bg\"><\/span>\r\n\t\t\t\t<span class=\"line\"><\/span>\r\n\t\t\t\t<figcaption><h5 class=\"post-title\">MODA DA\u0130RE TAD\u0130LAT<\/h5><\/figcaption>\r\n\t\t\t\t<span class=\"btn-text\">DE\u011e\u0130\u015e\u0130M\u0130 G\u00d6R<\/span>\r\n\t\t\t<\/a>\r\n\t\t<\/figure>\r\n\t<\/div>\r\n<\/article>\r\n<article class=\"project-item portfolio-category-id-57 normal\">\r\n\t<div class=\"projects-box\">\r\n\t\t<figure class=\"projects-thumbnail overlay-creative hover-scale creative-one\" data-src=\"https:\/\/altinelmimari.com\/wp-content\/uploads\/2023\/12\/ERENKOY-DAIRE.jpg\" data-sub-html=\"ERENK\u00d6Y DA\u0130RE TAD\u0130LATI\">\r\n\t\t\t<a href=\"https:\/\/altinelmimari.com\/?ot_portfolio=modern-elegance-suite\">\r\n\t\t\t\t<img loading=\"lazy\" decoding=\"async\" width=\"768\" height=\"500\" src=\"https:\/\/altinelmimari.com\/wp-content\/uploads\/2023\/12\/ERENKOY-DAIRE.jpg\" class=\"attachment-medium_large size-medium_large wp-image-6831\" alt=\"\" srcset=\"https:\/\/altinelmimari.com\/wp-content\/uploads\/2023\/12\/ERENKOY-DAIRE.jpg 768w, https:\/\/altinelmimari.com\/wp-content\/uploads\/2023\/12\/ERENKOY-DAIRE-300x195.jpg 300w\" sizes=\"(max-width: 768px) 100vw, 768px\" \/>\t\t\t\t<span class=\"bg\"><\/span>\r\n\t\t\t\t<span class=\"line\"><\/span>\r\n\t\t\t\t<figcaption><h5 class=\"post-title\">ERENK\u00d6Y DA\u0130RE TAD\u0130LATI<\/h5><\/figcaption>\r\n\t\t\t\t<span class=\"btn-text\">DE\u011e\u0130\u015e\u0130M\u0130 G\u00d6R<\/span>\r\n\t\t\t<\/a>\r\n\t\t<\/figure>\r\n\t<\/div>\r\n<\/article>\r\n<article class=\"project-item portfolio-category-id-57 normal\">\r\n\t<div class=\"projects-box\">\r\n\t\t<figure class=\"projects-thumbnail overlay-creative hover-scale creative-one\" data-src=\"https:\/\/altinelmimari.com\/wp-content\/uploads\/2023\/12\/ALTINTEPE-DAIRE.jpg\" data-sub-html=\"ALTINTEPE DA\u0130RE TAD\u0130LATI\">\r\n\t\t\t<a href=\"https:\/\/altinelmimari.com\/?ot_portfolio=apartment-renovation\">\r\n\t\t\t\t<img loading=\"lazy\" decoding=\"async\" width=\"768\" height=\"500\" src=\"https:\/\/altinelmimari.com\/wp-content\/uploads\/2023\/12\/ALTINTEPE-DAIRE.jpg\" class=\"attachment-medium_large size-medium_large wp-image-6848\" alt=\"\" srcset=\"https:\/\/altinelmimari.com\/wp-content\/uploads\/2023\/12\/ALTINTEPE-DAIRE.jpg 768w, https:\/\/altinelmimari.com\/wp-content\/uploads\/2023\/12\/ALTINTEPE-DAIRE-300x195.jpg 300w\" sizes=\"(max-width: 768px) 100vw, 768px\" \/>\t\t\t\t<span class=\"bg\"><\/span>\r\n\t\t\t\t<span class=\"line\"><\/span>\r\n\t\t\t\t<figcaption><h5 class=\"post-title\">ALTINTEPE DA\u0130RE TAD\u0130LATI<\/h5><\/figcaption>\r\n\t\t\t\t<span class=\"btn-text\">DE\u011e\u0130\u015e\u0130M\u0130 G\u00d6R<\/span>\r\n\t\t\t<\/a>\r\n\t\t<\/figure>\r\n\t<\/div>\r\n<\/article>\r\n<article class=\"project-item portfolio-category-id-60 normal\">\r\n\t<div class=\"projects-box\">\r\n\t\t<figure class=\"projects-thumbnail overlay-creative hover-scale creative-one\" data-src=\"https:\/\/altinelmimari.com\/wp-content\/uploads\/2023\/12\/BODTANVI-MUTFAK.jpg\" data-sub-html=\"BOSTANCI MUTFAK TAD\u0130LATI\">\r\n\t\t\t<a href=\"https:\/\/altinelmimari.com\/?ot_portfolio=vimeo-video\">\r\n\t\t\t\t<img loading=\"lazy\" decoding=\"async\" width=\"768\" height=\"500\" src=\"https:\/\/altinelmimari.com\/wp-content\/uploads\/2023\/12\/BODTANVI-MUTFAK.jpg\" class=\"attachment-medium_large size-medium_large wp-image-6958\" alt=\"\" srcset=\"https:\/\/altinelmimari.com\/wp-content\/uploads\/2023\/12\/BODTANVI-MUTFAK.jpg 768w, https:\/\/altinelmimari.com\/wp-content\/uploads\/2023\/12\/BODTANVI-MUTFAK-300x195.jpg 300w\" sizes=\"(max-width: 768px) 100vw, 768px\" \/>\t\t\t\t<span class=\"bg\"><\/span>\r\n\t\t\t\t<span class=\"line\"><\/span>\r\n\t\t\t\t<figcaption><h5 class=\"post-title\">BOSTANCI MUTFAK TAD\u0130LATI<\/h5><\/figcaption>\r\n\t\t\t\t<span class=\"btn-text\">DE\u011e\u0130\u015e\u0130M\u0130 G\u00d6R<\/span>\r\n\t\t\t<\/a>\r\n\t\t<\/figure>\r\n\t<\/div>\r\n<\/article>\r\n\t\t\t<\/div>\r\n\t\t\t\r\n\t\t\t\t\t\t\t<div class=\"loadmore_wrapper\">\r\n\t\t\t\t\t<button class=\"octf-btn btn-loadmore\">\r\n\t\t\t\t\t\t<span>Daha Fazlas\u0131<\/span>\r\n\t\t\t\t\t\t<i class=\"fa fa-spinner\" aria-hidden=\"true\"><\/i>\r\n\t\t\t\t\t<\/button>\r\n\t\t\t\t\t<form class=\"posts_data_ajax\">\r\n\t\t\t\t\t\t<input type=\"hidden\" class=\"data_ajax\" name=\"data_ajax-311\" value=\"{&quot;data_cates&quot;:&quot;61,59,57,60,58&quot;,&quot;settings&quot;:{&quot;project_num&quot;:9,&quot;p_more&quot;:12,&quot;project_cat&quot;:[&quot;banyo&quot;,&quot;kafe&quot;,&quot;konut&quot;,&quot;mutfak&quot;,&quot;ticari&quot;],&quot;post_thumbnail_size&quot;:&quot;medium_large&quot;,&quot;post_thumbnail_custom_dimension&quot;:null,&quot;column&quot;:&quot;pf_3_cols&quot;,&quot;view_more&quot;:&quot;DE\\u011e\\u0130\\u015e\\u0130M\\u0130 G\\u00d6R&quot;,&quot;widget_name&quot;:&quot;ot-portfolio-creative-filter&quot;,&quot;hover_style&quot;:&quot;creative-one&quot;}}\">\r\n\t\t\t\t\t<\/form>\r\n\t\t\t\t<\/div>\r\n\t\t\t\t    <\/div>\r\n\t\t\t\t\t\t\t\t\t\t\r\n\t    \t\t\t\t<\/div>\n\t\t\t\t<\/div>\n\t\t\t\t<\/div>\n\t\t\t\t<\/div>\n\t\t","protected":false},"excerpt":{"rendered":"<p>T\u00dcM PROJELER Banyo Kafe \/ Restoran Konut Mutfak Ticari Modern Building 5 DE\u011e\u0130\u015e\u0130M\u0130 G\u00d6R Modern Building 4 DE\u011e\u0130\u015e\u0130M\u0130 G\u00d6R Modern Building 3 DE\u011e\u0130\u015e\u0130M\u0130 G\u00d6R Modern Building 1 DE\u011e\u0130\u015e\u0130M\u0130 G\u00d6R MODA DA\u0130RE TAD\u0130LAT DE\u011e\u0130\u015e\u0130M\u0130 G\u00d6R ERENK\u00d6Y DA\u0130RE TAD\u0130LATI DE\u011e\u0130\u015e\u0130M\u0130 G\u00d6R ALTINTEPE DA\u0130RE TAD\u0130LATI DE\u011e\u0130\u015e\u0130M\u0130 G\u00d6R Ate\u015fehir Banyo Tadilat\u0131 DE\u011e\u0130\u015e\u0130M\u0130 G\u00d6R G\u00f6ztepe Mutfak Tadilat\u0131 DE\u011e\u0130\u015e\u0130M\u0130 G\u00d6R Daha [&hellip;]<\/p>\n","protected":false},"author":1,"featured_media":0,"parent":0,"menu_order":0,"comment_status":"closed","ping_status":"closed","template":"","meta":{"footnotes":""},"class_list":["post-2453","page","type-page","status-publish","hentry"],"_links":{"self":[{"href":"https:\/\/altinelmimari.com\/index.php?rest_route=\/wp\/v2\/pages\/2453","targetHints":{"allow":["GET"]}}],"collection":[{"href":"https:\/\/altinelmimari.com\/index.php?rest_route=\/wp\/v2\/pages"}],"about":[{"href":"https:\/\/altinelmimari.com\/index.php?rest_route=\/wp\/v2\/types\/page"}],"author":[{"embeddable":true,"href":"https:\/\/altinelmimari.com\/index.php?rest_route=\/wp\/v2\/users\/1"}],"replies":[{"embeddable":true,"href":"https:\/\/altinelmimari.com\/index.php?rest_route=%2Fwp%2Fv2%2Fcomments&post=2453"}],"version-history":[{"count":51,"href":"https:\/\/altinelmimari.com\/index.php?rest_route=\/wp\/v2\/pages\/2453\/revisions"}],"predecessor-version":[{"id":6922,"href":"https:\/\/altinelmimari.com\/index.php?rest_route=\/wp\/v2\/pages\/2453\/revisions\/6922"}],"wp:attachment":[{"href":"https:\/\/altinelmimari.com\/index.php?rest_route=%2Fwp%2Fv2%2Fmedia&parent=2453"}],"curies":[{"name":"wp","href":"https:\/\/api.w.org\/{rel}","templated":true}]}}