{"id":2161,"date":"2023-12-14T03:40:19","date_gmt":"2023-12-14T03:40:19","guid":{"rendered":"https:\/\/archi.oceanthemes.site\/?page_id=2161"},"modified":"2026-02-19T13:01:18","modified_gmt":"2026-02-19T13:01:18","slug":"home-original","status":"publish","type":"page","link":"https:\/\/altinelmimari.com\/","title":{"rendered":"Home Original"},"content":{"rendered":"\t\t<div data-elementor-type=\"wp-page\" data-elementor-id=\"2161\" class=\"elementor elementor-2161\">\n\t\t\t\t<div class=\"elementor-element elementor-element-0e53f0d e-con-full e-flex e-con e-parent\" data-id=\"0e53f0d\" data-element_type=\"container\">\n\t\t\t\t<div class=\"elementor-element elementor-element-09a2142 elementor-widget elementor-widget-slider_revolution\" data-id=\"09a2142\" data-element_type=\"widget\" data-widget_type=\"slider_revolution.default\">\n\t\t\t\t<div class=\"elementor-widget-container\">\n\t\t\t\t\t\n\t\t<div class=\"wp-block-themepunch-revslider\">\n\t\t\t\t<p class=\"rs-p-wp-fix\"><\/p>\n\t\t\t\t<sr7-module data-alias=\"home1\" data-id=\"2\" id=\"SR7_2_1\" class=\"rs-ov-hidden\" data-version=\"6.7.21\">\n\t\t\t\t\t<sr7-adjuster><\/sr7-adjuster>\n\t\t\t\t\t<sr7-content>\n\t\t\t\t\t\t<sr7-slide id=\"SR7_2_1-4\" data-key=\"4\">\n\t\t\t\t\t\t\t<sr7-bg id=\"SR7_2_1-4-9\" class=\"sr7-layer\"><noscript><img decoding=\"async\" src=\"https:\/\/altinelmimari.com\/wp-content\/uploads\/2023\/12\/wide1.jpg\" alt=\"\" title=\"wide1.jpg\"><\/noscript><\/sr7-bg>\n\t\t\t\t\t\t\t<sr7-txt id=\"SR7_2_1-4-7\" class=\"sr7-layer\">ya\u015fam alanlar\u0131n\u0131z\u0131<\/sr7-txt>\n\t\t\t\t\t\t\t<sr7-txt id=\"SR7_2_1-4-8\" class=\"sr7-layer\">ba\u015ftan yarat\u0131yoruz.<\/sr7-txt>\n\t\t\t\t\t\t<\/sr7-slide>\n\t\t\t\t\t\t<sr7-slide id=\"SR7_2_1-5\" data-key=\"5\">\n\t\t\t\t\t\t\t<sr7-bg id=\"SR7_2_1-5-11\" class=\"sr7-layer\"><noscript><img decoding=\"async\" src=\"https:\/\/altinelmimari.com\/wp-content\/uploads\/2023\/12\/wide2.jpg\" alt=\"\" title=\"wide2.jpg\"><\/noscript><\/sr7-bg>\n\t\t\t\t\t\t\t<sr7-txt id=\"SR7_2_1-5-9\" class=\"sr7-layer\">ger\u00e7ek k\u0131l\u0131yoruz.<\/sr7-txt>\n\t\t\t\t\t\t\t<sr7-txt id=\"SR7_2_1-5-10\" class=\"sr7-layer\">hayallerinizi<\/sr7-txt>\n\t\t\t\t\t\t<\/sr7-slide>\n\t\t\t\t\t\t<sr7-slide id=\"SR7_2_1-15\" data-key=\"15\">\n\t\t\t\t\t\t<\/sr7-slide>\n\t\t\t\t\t<\/sr7-content>\n\t\t\t\t\t<image_lists style=\"display:none\">\n\t\t\t\t\t\t<img data-src=\"\/\/altinelmimari.com\/wp-content\/uploads\/2023\/12\/wide1.jpg\" data-libid=\"2158\" title=\"wide1.jpg\" width=\"0\" height=\"0\" data-dbsrc=\"Ly9hbHRpbmVsbWltYXJpLmNvbS93cC1jb250ZW50L3VwbG9hZHMvMjAyMy8xMi93aWRlMS5qcGc=\"\/>\n\t\t\t\t\t\t<img data-src=\"\/\/altinelmimari.com\/wp-content\/uploads\/2023\/12\/wide2.jpg\" data-libid=\"2159\" title=\"wide2.jpg\" width=\"0\" height=\"0\" data-dbsrc=\"Ly9hbHRpbmVsbWltYXJpLmNvbS93cC1jb250ZW50L3VwbG9hZHMvMjAyMy8xMi93aWRlMi5qcGc=\"\/>\n\t\t\t\t\t<\/image_lists>\n\t\t\t\t<\/sr7-module>\n\t\t\t\t<script>\n\t\t\t\t\tSR7.PMH ??={}; SR7.PMH[\"SR7_2_1\"] = {cn:0,state:false,fn: function() { if (_tpt!==undefined && _tpt.prepareModuleHeight !== undefined) {  _tpt.prepareModuleHeight({id:\"SR7_2_1\",el:[500,500,500,500,500],type:'standard',shdw:'0',gh:[500,500,500,500,500],gw:[1170,1170,1024,778,480],vpt:['-100px&#039;,&#039;-100px&#039;,&#039;-100px&#039;,&#039;-100px&#039;,&#039;-100px'],size:{fullWidth:true, fullHeight:true},fho:'',mh:'0',onh:0,onw:0,bg:{color:'{\"type\":\"solid\",\"orig\":\"#E9E9E9\",\"string\":\"rgba(233, 233, 233, 1)\"}'},plType:'-1',plColor:'#FFFFFF'});   SR7.PMH[\"SR7_2_1\"].state=true;} else if((SR7.PMH[\"SR7_2_1\"].cn++)<100)\tsetTimeout( SR7.PMH[\"SR7_2_1\"].fn,19);}};SR7.PMH[\"SR7_2_1\" ].fn();\n\t\t\t\t<\/script>\n<\/div>\n\n\t\t\t\t\t\t<\/div>\n\t\t\t\t<\/div>\n\t\t\t\t<\/div>\n\t\t<div class=\"elementor-element elementor-element-f1ac8d3 e-flex e-con-boxed e-con e-parent\" data-id=\"f1ac8d3\" data-element_type=\"container\">\n\t\t\t\t\t<div class=\"e-con-inner\">\n\t\t<div class=\"elementor-element elementor-element-323307a e-flex e-con-boxed e-con e-child\" data-id=\"323307a\" data-element_type=\"container\">\n\t\t\t\t\t<div class=\"e-con-inner\">\n\t\t\t\t<div class=\"elementor-element elementor-element-8006b2e animated-fast elementor-invisible elementor-widget elementor-widget-heading\" data-id=\"8006b2e\" data-element_type=\"widget\" data-settings=\"{&quot;_animation&quot;:&quot;fadeInUp&quot;,&quot;_animation_delay&quot;:100}\" data-widget_type=\"heading.default\">\n\t\t\t\t<div class=\"elementor-widget-container\">\n\t\t\t\t\t<h3 class=\"elementor-heading-title elementor-size-default\">NE YAPIYORUZ ?<\/h3>\t\t\t\t<\/div>\n\t\t\t\t<\/div>\n\t\t\t\t<div class=\"elementor-element elementor-element-d5d56c0 elementor-widget-divider--view-line_icon elementor-view-default elementor-widget-divider--element-align-center elementor-invisible elementor-widget elementor-widget-divider\" data-id=\"d5d56c0\" data-element_type=\"widget\" data-settings=\"{&quot;_animation&quot;:&quot;fadeInUp&quot;,&quot;_animation_delay&quot;:100}\" data-widget_type=\"divider.default\">\n\t\t\t\t<div class=\"elementor-widget-container\">\n\t\t\t\t\t\t\t<div class=\"elementor-divider\">\n\t\t\t<span class=\"elementor-divider-separator\">\n\t\t\t\t\t\t\t<div class=\"elementor-icon elementor-divider__element\">\n\t\t\t\t\t<svg aria-hidden=\"true\" class=\"e-font-icon-svg e-fas-circle\" viewBox=\"0 0 512 512\" xmlns=\"http:\/\/www.w3.org\/2000\/svg\"><path d=\"M256 8C119 8 8 119 8 256s111 248 248 248 248-111 248-248S393 8 256 8z\"><\/path><\/svg><\/div>\n\t\t\t\t\t\t<\/span>\n\t\t<\/div>\n\t\t\t\t\t\t<\/div>\n\t\t\t\t<\/div>\n\t\t<div class=\"elementor-element elementor-element-08025f6 e-flex e-con-boxed e-con e-child\" data-id=\"08025f6\" data-element_type=\"container\">\n\t\t\t\t\t<div class=\"e-con-inner\">\n\t\t<div class=\"elementor-element elementor-element-c12115a animated-fast e-flex e-con-boxed elementor-invisible e-con e-child\" data-id=\"c12115a\" data-element_type=\"container\" data-settings=\"{&quot;animation&quot;:&quot;fadeInLeft&quot;,&quot;animation_delay&quot;:100}\">\n\t\t\t\t\t<div class=\"e-con-inner\">\n\t\t\t\t<div class=\"elementor-element elementor-element-43c765f elementor-widget elementor-widget-text-editor\" data-id=\"43c765f\" data-element_type=\"widget\" data-widget_type=\"text-editor.default\">\n\t\t\t\t<div class=\"elementor-widget-container\">\n\t\t\t\t\t\t\t\t\t<h6><span style=\"color: #cbab58;\">M\u0130MAR\u0130\u00a0 <\/span>RENOVASYON<\/h6>\t\t\t\t\t\t\t\t<\/div>\n\t\t\t\t<\/div>\n\t\t\t\t<div class=\"elementor-element elementor-element-8438f34 elementor-widget elementor-widget-text-editor\" data-id=\"8438f34\" data-element_type=\"widget\" data-widget_type=\"text-editor.default\">\n\t\t\t\t<div class=\"elementor-widget-container\">\n\t\t\t\t\t\t\t\t\t<p>Alt\u0131nel Emlak ve Mimari Renovasyon, mevcut konut ve ticari alanlar\u0131n yenilenmesine y\u00f6nelik tadilat ve dekorasyon s\u00fcre\u00e7lerini u\u00e7tan uca y\u00f6netir. Mutfak, banyo, zemin, kaplama ve t\u00fcm i\u00e7 mek\u00e2n yenilemelerini kapsayan uygulamalarda do\u011fru planlama, do\u011fru b\u00fct\u00e7e ve kontroll\u00fc ilerleme esas al\u0131n\u0131r. Ama\u00e7; kullan\u0131lan alanlar\u0131 ba\u015ftan yaratmak de\u011fil, mevcut yap\u0131y\u0131 i\u015flevsel, estetik ve de\u011ferli h\u00e2le getirerek k\u0131sa s\u00fcrede sorunsuz bi\u00e7imde kullan\u0131ma haz\u0131r etmektir.<\/p>\t\t\t\t\t\t\t\t<\/div>\n\t\t\t\t<\/div>\n\t\t\t\t<div class=\"elementor-element elementor-element-139bbf3 elementor-widget elementor-widget-image\" data-id=\"139bbf3\" data-element_type=\"widget\" data-widget_type=\"image.default\">\n\t\t\t\t<div class=\"elementor-widget-container\">\n\t\t\t\t\t\t\t\t\t\t\t\t\t\t\t<img decoding=\"async\" src=\"https:\/\/altinelmimari.com\/wp-content\/uploads\/elementor\/thumbs\/services-p2_b-qxc80j7y8kj4fwgdbbo9kgel9teesp7e1jti8ghmki.jpg\" title=\"interiors\" alt=\"interiors\" loading=\"lazy\" \/>\t\t\t\t\t\t\t\t\t\t\t\t\t\t\t<\/div>\n\t\t\t\t<\/div>\n\t\t\t\t\t<\/div>\n\t\t\t\t<\/div>\n\t\t<div class=\"elementor-element elementor-element-49b43bf animated-fast e-flex e-con-boxed elementor-invisible e-con e-child\" data-id=\"49b43bf\" data-element_type=\"container\" data-settings=\"{&quot;animation&quot;:&quot;fadeInUp&quot;,&quot;animation_delay&quot;:200}\">\n\t\t\t\t\t<div class=\"e-con-inner\">\n\t\t\t\t<div class=\"elementor-element elementor-element-a505f77 elementor-widget elementor-widget-text-editor\" data-id=\"a505f77\" data-element_type=\"widget\" data-widget_type=\"text-editor.default\">\n\t\t\t\t<div class=\"elementor-widget-container\">\n\t\t\t\t\t\t\t\t\t<h6><span style=\"color: #CBAB58;\">KONSEPT <\/span>\u00a0TASARIM \/ UYGULAMA<\/h6>\t\t\t\t\t\t\t\t<\/div>\n\t\t\t\t<\/div>\n\t\t\t\t<div class=\"elementor-element elementor-element-2fb6c64 elementor-widget elementor-widget-text-editor\" data-id=\"2fb6c64\" data-element_type=\"widget\" data-widget_type=\"text-editor.default\">\n\t\t\t\t<div class=\"elementor-widget-container\">\n\t\t\t\t\t\t\t\t\t<p data-start=\"942\" data-end=\"1370\">Restoran, ma\u011faza, showroom ve benzeri \u00f6zel kullan\u0131m alanlar\u0131nda s\u00fcre\u00e7, s\u0131f\u0131rdan olu\u015fturulan mimari bir konseptle ba\u015flar. Alt\u0131nel Mimari Renovasyon, mek\u00e2n\u0131n kimli\u011fini belirleyen tasar\u0131m kararlar\u0131n\u0131 proje a\u015famas\u0131nda netle\u015ftirir ve bu kurguyu uygulamaya eksiksiz \u015fekilde yans\u0131t\u0131r. Marka dili, kullan\u0131c\u0131 deneyimi ve teknik gereklilikler birlikte ele al\u0131narak, yaln\u0131zca tasarlanan de\u011fil, do\u011fru \u00e7al\u0131\u015fan ve fark yaratan mek\u00e2nlar hayata ge\u00e7irilir.<\/p>\t\t\t\t\t\t\t\t<\/div>\n\t\t\t\t<\/div>\n\t\t\t\t<div class=\"elementor-element elementor-element-d168a5f elementor-widget elementor-widget-image\" data-id=\"d168a5f\" data-element_type=\"widget\" data-widget_type=\"image.default\">\n\t\t\t\t<div class=\"elementor-widget-container\">\n\t\t\t\t\t\t\t\t\t\t\t\t\t\t\t<img decoding=\"async\" src=\"https:\/\/altinelmimari.com\/wp-content\/uploads\/elementor\/thumbs\/home-interior-se_6-qxc819jfjxj5gze51n1ti9rhwlsos83vh633o7elqa.jpg\" title=\"home-interior-se_6\" alt=\"home-interior-se_6\" loading=\"lazy\" \/>\t\t\t\t\t\t\t\t\t\t\t\t\t\t\t<\/div>\n\t\t\t\t<\/div>\n\t\t\t\t\t<\/div>\n\t\t\t\t<\/div>\n\t\t<div class=\"elementor-element elementor-element-cefcbb0 animated-fast e-flex e-con-boxed elementor-invisible e-con e-child\" data-id=\"cefcbb0\" data-element_type=\"container\" data-settings=\"{&quot;animation&quot;:&quot;fadeInRight&quot;,&quot;animation_delay&quot;:100}\">\n\t\t\t\t\t<div class=\"e-con-inner\">\n\t\t\t\t<div class=\"elementor-element elementor-element-ec8cbaa elementor-widget elementor-widget-text-editor\" data-id=\"ec8cbaa\" data-element_type=\"widget\" data-widget_type=\"text-editor.default\">\n\t\t\t\t<div class=\"elementor-widget-container\">\n\t\t\t\t\t\t\t\t\t<h6><span style=\"color: #CBAB58;\">EMLAK <\/span>DANI\u015eMANLI\u011eI<\/h6>\t\t\t\t\t\t\t\t<\/div>\n\t\t\t\t<\/div>\n\t\t\t\t<div class=\"elementor-element elementor-element-21fa1bd elementor-widget elementor-widget-text-editor\" data-id=\"21fa1bd\" data-element_type=\"widget\" data-widget_type=\"text-editor.default\">\n\t\t\t\t<div class=\"elementor-widget-container\">\n\t\t\t\t\t\t\t\t\t<p data-start=\"1414\" data-end=\"1824\">Alt\u0131nel Emlak ve Mimari Renovasyon, gayrimenkul al\u0131m, sat\u0131m ve kiralama s\u00fcre\u00e7lerini mimari bak\u0131\u015f a\u00e7\u0131s\u0131yla de\u011ferlendirir. Profesyonel emlak dan\u0131\u015fmanlar\u0131m\u0131zla, al-yap-sat projeleri d\u00e2hil olmak \u00fczere t\u00fcm i\u015flemleri tek yetkili ofis olarak y\u00f6netiriz. Hedefimiz; yaln\u0131zca bir m\u00fclk sat\u0131\u015f\u0131 de\u011fil, potansiyeli do\u011fru analiz edilmi\u015f, d\u00f6n\u00fc\u015f\u00fc y\u00fcksek ve uzun vadede kazand\u0131ran yat\u0131r\u0131m kararlar\u0131 olu\u015ftururak maksimum m\u00fc\u015fteri memnuniyetidir<\/p>\t\t\t\t\t\t\t\t<\/div>\n\t\t\t\t<\/div>\n\t\t\t\t<div class=\"elementor-element elementor-element-a5db01b elementor-widget elementor-widget-image\" data-id=\"a5db01b\" data-element_type=\"widget\" data-widget_type=\"image.default\">\n\t\t\t\t<div class=\"elementor-widget-container\">\n\t\t\t\t\t\t\t\t\t\t\t\t\t\t\t<img decoding=\"async\" src=\"https:\/\/altinelmimari.com\/wp-content\/uploads\/elementor\/thumbs\/vecteezy_real-estate-agent-home-sales-broker-is-using-a-pen-pointing_49307069-scaled-rh48wj9wpw9i08ldtddqssn8ggsepyhg06dtz8dhaq.jpg\" title=\"Real estate agent home sales broker is using a pen pointing to t\" alt=\"Real estate agent home sales broker is using a pen pointing to the house model and explains the business contract, rent, buy, mortgage, loan, or home insurance\" loading=\"lazy\" \/>\t\t\t\t\t\t\t\t\t\t\t\t\t\t\t<\/div>\n\t\t\t\t<\/div>\n\t\t\t\t\t<\/div>\n\t\t\t\t<\/div>\n\t\t\t\t\t<\/div>\n\t\t\t\t<\/div>\n\t\t\t\t\t<\/div>\n\t\t\t\t<\/div>\n\t\t\t\t\t<\/div>\n\t\t\t\t<\/div>\n\t\t\t\t<\/div>\n\t\t","protected":false},"excerpt":{"rendered":"<p>NE YAPIYORUZ ? M\u0130MAR\u0130\u00a0 RENOVASYON Alt\u0131nel Emlak ve Mimari Renovasyon, mevcut konut ve ticari alanlar\u0131n yenilenmesine y\u00f6nelik tadilat ve dekorasyon s\u00fcre\u00e7lerini u\u00e7tan uca y\u00f6netir. Mutfak, banyo, zemin, kaplama ve t\u00fcm i\u00e7 mek\u00e2n yenilemelerini kapsayan uygulamalarda do\u011fru planlama, do\u011fru b\u00fct\u00e7e ve kontroll\u00fc ilerleme esas al\u0131n\u0131r. Ama\u00e7; kullan\u0131lan alanlar\u0131 ba\u015ftan yaratmak de\u011fil, mevcut yap\u0131y\u0131 i\u015flevsel, estetik ve [&hellip;]<\/p>\n","protected":false},"author":1,"featured_media":0,"parent":0,"menu_order":0,"comment_status":"closed","ping_status":"closed","template":"","meta":{"footnotes":""},"class_list":["post-2161","page","type-page","status-publish","hentry"],"_links":{"self":[{"href":"https:\/\/altinelmimari.com\/index.php?rest_route=\/wp\/v2\/pages\/2161","targetHints":{"allow":["GET"]}}],"collection":[{"href":"https:\/\/altinelmimari.com\/index.php?rest_route=\/wp\/v2\/pages"}],"about":[{"href":"https:\/\/altinelmimari.com\/index.php?rest_route=\/wp\/v2\/types\/page"}],"author":[{"embeddable":true,"href":"https:\/\/altinelmimari.com\/index.php?rest_route=\/wp\/v2\/users\/1"}],"replies":[{"embeddable":true,"href":"https:\/\/altinelmimari.com\/index.php?rest_route=%2Fwp%2Fv2%2Fcomments&post=2161"}],"version-history":[{"count":91,"href":"https:\/\/altinelmimari.com\/index.php?rest_route=\/wp\/v2\/pages\/2161\/revisions"}],"predecessor-version":[{"id":7172,"href":"https:\/\/altinelmimari.com\/index.php?rest_route=\/wp\/v2\/pages\/2161\/revisions\/7172"}],"wp:attachment":[{"href":"https:\/\/altinelmimari.com\/index.php?rest_route=%2Fwp%2Fv2%2Fmedia&parent=2161"}],"curies":[{"name":"wp","href":"https:\/\/api.w.org\/{rel}","templated":true}]}}