{"id":1984,"date":"2023-12-13T08:49:15","date_gmt":"2023-12-13T08:49:15","guid":{"rendered":"https:\/\/archi.oceanthemes.site\/?page_id=1984"},"modified":"2024-11-21T11:44:56","modified_gmt":"2024-11-21T11:44:56","slug":"hukuk","status":"publish","type":"page","link":"https:\/\/altinelmimari.com\/?page_id=1984","title":{"rendered":"Hukuki Dan\u0131\u015fmanl\u0131k"},"content":{"rendered":"\t\t<div data-elementor-type=\"wp-page\" data-elementor-id=\"1984\" class=\"elementor elementor-1984\">\n\t\t\t\t<div class=\"elementor-element elementor-element-7c2ac6c e-flex e-con-boxed e-con e-parent\" data-id=\"7c2ac6c\" data-element_type=\"container\" data-settings=\"{&quot;background_background&quot;:&quot;classic&quot;}\">\n\t\t\t\t\t<div class=\"e-con-inner\">\n\t\t<div class=\"elementor-element elementor-element-62857fc e-con-full e-flex e-con e-child\" data-id=\"62857fc\" data-element_type=\"container\">\n\t\t\t\t<div class=\"elementor-element elementor-element-a882df6 elementor-align-left elementor-widget elementor-widget-ot-btn\" data-id=\"a882df6\" data-element_type=\"widget\" data-widget_type=\"ot-btn.default\">\n\t\t\t\t<div class=\"elementor-widget-container\">\n\t\t\t\t\t\t\t<div class=\"ot-button-wrapper\">\r\n\t\t\t<a href=\"https:\/\/altinelmimari.com\/?page_id=1848\" class=\"octf-btn\">\r\n\t\t\t\tEmlak Dan\u0131\u015fmanl\u0131\u011f\u0131\t\t\t\t\t\t\t<\/a>\r\n\t    <\/div>\r\n\t    \t\t\t\t<\/div>\n\t\t\t\t<\/div>\n\t\t\t\t<div class=\"elementor-element elementor-element-a0a112d elementor-align-left elementor-widget elementor-widget-ot-btn\" data-id=\"a0a112d\" data-element_type=\"widget\" data-widget_type=\"ot-btn.default\">\n\t\t\t\t<div class=\"elementor-widget-container\">\n\t\t\t\t\t\t\t<div class=\"ot-button-wrapper\">\r\n\t\t\t<a href=\"https:\/\/altinelmimari.com\/?page_id=1904\" class=\"octf-btn\">\r\n\t\t\t\tMimari Dan\u0131\u015fmanl\u0131k\t\t\t\t\t\t\t<\/a>\r\n\t    <\/div>\r\n\t    \t\t\t\t<\/div>\n\t\t\t\t<\/div>\n\t\t\t\t<div class=\"elementor-element elementor-element-c6c6f59 elementor-align-left elementor-widget elementor-widget-ot-btn\" data-id=\"c6c6f59\" data-element_type=\"widget\" data-widget_type=\"ot-btn.default\">\n\t\t\t\t<div class=\"elementor-widget-container\">\n\t\t\t\t\t\t\t<div class=\"ot-button-wrapper\">\r\n\t\t\t<a href=\"https:\/\/altinelmimari.com\/?page_id=1984\" class=\"octf-btn\">\r\n\t\t\t\tHukuki Dan\u0131\u015fmanl\u0131k\t\t\t\t\t\t\t<\/a>\r\n\t    <\/div>\r\n\t    \t\t\t\t<\/div>\n\t\t\t\t<\/div>\n\t\t\t\t<\/div>\n\t\t<div class=\"elementor-element elementor-element-c65783c e-con-full e-flex e-con e-child\" data-id=\"c65783c\" data-element_type=\"container\">\n\t\t<div class=\"elementor-element elementor-element-4a29bed e-flex e-con-boxed e-con e-child\" data-id=\"4a29bed\" data-element_type=\"container\">\n\t\t\t\t\t<div class=\"e-con-inner\">\n\t\t\t\t<div class=\"elementor-element elementor-element-f3ab8af elementor-widget elementor-widget-text-editor\" data-id=\"f3ab8af\" data-element_type=\"widget\" data-widget_type=\"text-editor.default\">\n\t\t\t\t<div class=\"elementor-widget-container\">\n\t\t\t\t\t\t\t\t\t<p>Alt\u0131nel Emlak &amp; Mimari Dan\u0131\u015fmanl\u0131k,hukuk departman\u0131, gayrimenkul hukuku kapsam\u0131nda tecr\u00fcbesiyle m\u00fcvekkillerine gayrimenkul al\u0131m\u0131-sat\u0131m\u0131, tapu iptal tescil i\u015flemleri konusunda gerekli hukuki altyap\u0131y\u0131 haz\u0131rlamakta, her t\u00fcrl\u00fc kira s\u00f6zle\u015fmelerini haz\u0131rlamakta ve kompleks ta\u015f\u0131nmazlar ile al\u0131\u015fveri\u015f merkezlerinin kiralanmas\u0131nda hukuki dan\u0131\u015fmanl\u0131k sa\u011flamaktad\u0131r.<br \/><br \/><br \/><\/p>\t\t\t\t\t\t\t\t<\/div>\n\t\t\t\t<\/div>\n\t\t\t\t\t<\/div>\n\t\t\t\t<\/div>\n\t\t<div class=\"elementor-element elementor-element-abd8f58 e-flex e-con-boxed e-con e-child\" data-id=\"abd8f58\" data-element_type=\"container\">\n\t\t\t\t\t<div class=\"e-con-inner\">\n\t\t\t\t<div class=\"elementor-element elementor-element-7e386fe elementor-widget elementor-widget-image\" data-id=\"7e386fe\" data-element_type=\"widget\" data-widget_type=\"image.default\">\n\t\t\t\t<div class=\"elementor-widget-container\">\n\t\t\t\t\t\t\t\t\t\t\t\t\t\t\t<img fetchpriority=\"high\" decoding=\"async\" width=\"700\" height=\"466\" src=\"https:\/\/altinelmimari.com\/wp-content\/uploads\/2023\/12\/services-p3_a.jpg\" class=\"attachment-full size-full wp-image-1992\" alt=\"\" srcset=\"https:\/\/altinelmimari.com\/wp-content\/uploads\/2023\/12\/services-p3_a.jpg 700w, https:\/\/altinelmimari.com\/wp-content\/uploads\/2023\/12\/services-p3_a-300x200.jpg 300w\" sizes=\"(max-width: 700px) 100vw, 700px\" \/>\t\t\t\t\t\t\t\t\t\t\t\t\t\t\t<\/div>\n\t\t\t\t<\/div>\n\t\t\t\t<div class=\"elementor-element elementor-element-fd23c05 elementor-widget elementor-widget-image\" data-id=\"fd23c05\" data-element_type=\"widget\" data-widget_type=\"image.default\">\n\t\t\t\t<div class=\"elementor-widget-container\">\n\t\t\t\t\t\t\t\t\t\t\t\t\t\t\t<img decoding=\"async\" width=\"700\" height=\"466\" src=\"https:\/\/altinelmimari.com\/wp-content\/uploads\/2023\/12\/services-p3_b.jpg\" class=\"attachment-full size-full wp-image-1993\" alt=\"\" srcset=\"https:\/\/altinelmimari.com\/wp-content\/uploads\/2023\/12\/services-p3_b.jpg 700w, https:\/\/altinelmimari.com\/wp-content\/uploads\/2023\/12\/services-p3_b-300x200.jpg 300w\" sizes=\"(max-width: 700px) 100vw, 700px\" \/>\t\t\t\t\t\t\t\t\t\t\t\t\t\t\t<\/div>\n\t\t\t\t<\/div>\n\t\t\t\t\t<\/div>\n\t\t\t\t<\/div>\n\t\t\t\t<\/div>\n\t\t\t\t\t<\/div>\n\t\t\t\t<\/div>\n\t\t<div class=\"elementor-element elementor-element-f261216 e-flex e-con-boxed e-con e-parent\" data-id=\"f261216\" data-element_type=\"container\" data-settings=\"{&quot;background_background&quot;:&quot;classic&quot;}\">\n\t\t\t\t\t<div class=\"e-con-inner\">\n\t\t\t\t<div class=\"elementor-element elementor-element-30042cf elementor-align-center elementor-widget elementor-widget-ot-btn\" data-id=\"30042cf\" data-element_type=\"widget\" data-widget_type=\"ot-btn.default\">\n\t\t\t\t<div class=\"elementor-widget-container\">\n\t\t\t\t\t\t\t<div class=\"ot-button-wrapper\">\r\n\t\t\t<a href=\"https:\/\/altinelmimari.com\/?page_id=1473\" class=\"octf-btn with-icon\">\r\n\t\t\t\tBize Ula\u015f\u0131n\t\t\t\t\t\t\t\t\t<svg aria-hidden=\"true\" class=\"e-font-icon-svg e-fas-chevron-right\" viewBox=\"0 0 320 512\" xmlns=\"http:\/\/www.w3.org\/2000\/svg\"><path d=\"M285.476 272.971L91.132 467.314c-9.373 9.373-24.569 9.373-33.941 0l-22.667-22.667c-9.357-9.357-9.375-24.522-.04-33.901L188.505 256 34.484 101.255c-9.335-9.379-9.317-24.544.04-33.901l22.667-22.667c9.373-9.373 24.569-9.373 33.941 0L285.475 239.03c9.373 9.372 9.373 24.568.001 33.941z\"><\/path><\/svg>\t\t\t\t\t\t\t<\/a>\r\n\t    <\/div>\r\n\t    \t\t\t\t<\/div>\n\t\t\t\t<\/div>\n\t\t\t\t\t<\/div>\n\t\t\t\t<\/div>\n\t\t\t\t<\/div>\n\t\t","protected":false},"excerpt":{"rendered":"<p>Emlak Dan\u0131\u015fmanl\u0131\u011f\u0131 Mimari Dan\u0131\u015fmanl\u0131k Hukuki Dan\u0131\u015fmanl\u0131k Alt\u0131nel Emlak &amp; Mimari Dan\u0131\u015fmanl\u0131k,hukuk departman\u0131, gayrimenkul hukuku kapsam\u0131nda tecr\u00fcbesiyle m\u00fcvekkillerine gayrimenkul al\u0131m\u0131-sat\u0131m\u0131, tapu iptal tescil i\u015flemleri konusunda gerekli hukuki altyap\u0131y\u0131 haz\u0131rlamakta, her t\u00fcrl\u00fc kira s\u00f6zle\u015fmelerini haz\u0131rlamakta ve kompleks ta\u015f\u0131nmazlar ile al\u0131\u015fveri\u015f merkezlerinin kiralanmas\u0131nda hukuki dan\u0131\u015fmanl\u0131k sa\u011flamaktad\u0131r. Bize Ula\u015f\u0131n<\/p>\n","protected":false},"author":1,"featured_media":0,"parent":1803,"menu_order":0,"comment_status":"closed","ping_status":"closed","template":"","meta":{"footnotes":""},"class_list":["post-1984","page","type-page","status-publish","hentry"],"_links":{"self":[{"href":"https:\/\/altinelmimari.com\/index.php?rest_route=\/wp\/v2\/pages\/1984","targetHints":{"allow":["GET"]}}],"collection":[{"href":"https:\/\/altinelmimari.com\/index.php?rest_route=\/wp\/v2\/pages"}],"about":[{"href":"https:\/\/altinelmimari.com\/index.php?rest_route=\/wp\/v2\/types\/page"}],"author":[{"embeddable":true,"href":"https:\/\/altinelmimari.com\/index.php?rest_route=\/wp\/v2\/users\/1"}],"replies":[{"embeddable":true,"href":"https:\/\/altinelmimari.com\/index.php?rest_route=%2Fwp%2Fv2%2Fcomments&post=1984"}],"version-history":[{"count":19,"href":"https:\/\/altinelmimari.com\/index.php?rest_route=\/wp\/v2\/pages\/1984\/revisions"}],"predecessor-version":[{"id":6559,"href":"https:\/\/altinelmimari.com\/index.php?rest_route=\/wp\/v2\/pages\/1984\/revisions\/6559"}],"up":[{"embeddable":true,"href":"https:\/\/altinelmimari.com\/index.php?rest_route=\/wp\/v2\/pages\/1803"}],"wp:attachment":[{"href":"https:\/\/altinelmimari.com\/index.php?rest_route=%2Fwp%2Fv2%2Fmedia&parent=1984"}],"curies":[{"name":"wp","href":"https:\/\/api.w.org\/{rel}","templated":true}]}}