{"id":1904,"date":"2023-12-13T08:09:35","date_gmt":"2023-12-13T08:09:35","guid":{"rendered":"https:\/\/archi.oceanthemes.site\/?page_id=1904"},"modified":"2024-11-21T11:27:08","modified_gmt":"2024-11-21T11:27:08","slug":"mimari","status":"publish","type":"page","link":"https:\/\/altinelmimari.com\/?page_id=1904","title":{"rendered":"Mimari Dan\u0131\u015fmanl\u0131k"},"content":{"rendered":"\t\t<div data-elementor-type=\"wp-page\" data-elementor-id=\"1904\" class=\"elementor elementor-1904\">\n\t\t\t\t<div class=\"elementor-element elementor-element-ff71947 e-flex e-con-boxed e-con e-parent\" data-id=\"ff71947\" data-element_type=\"container\" data-settings=\"{&quot;background_background&quot;:&quot;classic&quot;}\">\n\t\t\t\t\t<div class=\"e-con-inner\">\n\t\t<div class=\"elementor-element elementor-element-116af1a e-con-full e-flex e-con e-child\" data-id=\"116af1a\" data-element_type=\"container\">\n\t\t\t\t<div class=\"elementor-element elementor-element-869266d elementor-align-left elementor-widget elementor-widget-ot-btn\" data-id=\"869266d\" data-element_type=\"widget\" data-widget_type=\"ot-btn.default\">\n\t\t\t\t<div class=\"elementor-widget-container\">\n\t\t\t\t\t\t\t<div class=\"ot-button-wrapper\">\r\n\t\t\t<a href=\"https:\/\/altinelmimari.com\/?page_id=1848\" class=\"octf-btn\">\r\n\t\t\t\tEmlak Dan\u0131\u015fmanl\u0131\u011f\u0131\t\t\t\t\t\t\t<\/a>\r\n\t    <\/div>\r\n\t    \t\t\t\t<\/div>\n\t\t\t\t<\/div>\n\t\t\t\t<div class=\"elementor-element elementor-element-ea75e4f elementor-align-left elementor-widget elementor-widget-ot-btn\" data-id=\"ea75e4f\" data-element_type=\"widget\" data-widget_type=\"ot-btn.default\">\n\t\t\t\t<div class=\"elementor-widget-container\">\n\t\t\t\t\t\t\t<div class=\"ot-button-wrapper\">\r\n\t\t\t<a href=\"https:\/\/altinelmimari.com\/?page_id=1848\" class=\"octf-btn\">\r\n\t\t\t\tMimari Dan\u0131\u015fmanl\u0131k\t\t\t\t\t\t\t<\/a>\r\n\t    <\/div>\r\n\t    \t\t\t\t<\/div>\n\t\t\t\t<\/div>\n\t\t\t\t<div class=\"elementor-element elementor-element-52fb1c7 elementor-align-left elementor-widget elementor-widget-ot-btn\" data-id=\"52fb1c7\" data-element_type=\"widget\" data-widget_type=\"ot-btn.default\">\n\t\t\t\t<div class=\"elementor-widget-container\">\n\t\t\t\t\t\t\t<div class=\"ot-button-wrapper\">\r\n\t\t\t<a href=\"https:\/\/altinelmimari.com\/?page_id=1984\" class=\"octf-btn\">\r\n\t\t\t\tHukuki Dan\u0131\u015fmanl\u0131k\t\t\t\t\t\t\t<\/a>\r\n\t    <\/div>\r\n\t    \t\t\t\t<\/div>\n\t\t\t\t<\/div>\n\t\t\t\t<\/div>\n\t\t<div class=\"elementor-element elementor-element-0fbec5e e-con-full e-flex e-con e-child\" data-id=\"0fbec5e\" data-element_type=\"container\">\n\t\t<div class=\"elementor-element elementor-element-4c3da7d e-flex e-con-boxed e-con e-child\" data-id=\"4c3da7d\" data-element_type=\"container\">\n\t\t\t\t\t<div class=\"e-con-inner\">\n\t\t\t\t<div class=\"elementor-element elementor-element-b974d9f elementor-widget elementor-widget-text-editor\" data-id=\"b974d9f\" data-element_type=\"widget\" data-widget_type=\"text-editor.default\">\n\t\t\t\t<div class=\"elementor-widget-container\">\n\t\t\t\t\t\t\t\t\t<p>Teknik,estetik ve m\u00fc\u015fteri memnuniyeti bizi bizi yapan temel yap\u0131 ta\u015flar\u0131n\u0131 olu\u015fturmakta.Bu temel ta\u015flar\u0131 ge\u00e7mi\u015fte bitirdi\u011fimiz projelerde ve s\u00fcrd\u00fcrmekte oldu\u011fumuz t\u00fcm projelerde hep vazge\u00e7ilmez bir motto olarak g\u00f6rd\u00fck. T\u00fcm ekibimiz ile \u015firketimizin k\u00fclt\u00fcr\u00fc olarak benimsedik ve hep bu do\u011frultuda yap\u0131lar in\u015faa ettik.<\/p>\t\t\t\t\t\t\t\t<\/div>\n\t\t\t\t<\/div>\n\t\t\t\t<div class=\"elementor-element elementor-element-d5b6fc4 elementor-widget elementor-widget-text-editor\" data-id=\"d5b6fc4\" data-element_type=\"widget\" data-widget_type=\"text-editor.default\">\n\t\t\t\t<div class=\"elementor-widget-container\">\n\t\t\t\t\t\t\t\t\t<div class=\"vc_row wpb_row vc_row-fluid vc_custom_1722331091104 vc_row-o-equal-height vc_row-o-content-middle vc_row-flex\"><div class=\"wpb_animate_when_almost_visible wpb_right-to-left right-to-left wpb_column vc_column_container vc_col-sm-8 wpb_start_animation animated\"><div class=\"vc_column-inner\"><div class=\"wpb_wrapper\"><div class=\"wpb_text_column wpb_content_element  vc_custom_1722326989055\"><div class=\"wpb_wrapper\"><p>Gelece\u011fin yap\u0131lar\u0131n\u0131 olu\u015fturmak i\u00e7in \u00e7\u0131kt\u0131\u011f\u0131m\u0131z bu heyecanl\u0131 ser\u00fcvende sizler i\u00e7in ya\u015fanabilir bir d\u00fcnya tasarlamak i\u00e7in \u00e7al\u0131\u015f\u0131yoruz. \u0130lk g\u00fcnden beri sizi mutlu hissettirecek ya\u015fam alanlar\u0131 tasarl\u0131yoruz. \u0130novatif t\u00fcm geli\u015fmeleri yak\u0131ndan takip ediyor, yap\u0131 end\u00fcstrisinin geli\u015fimine destek olacak teknik \u00f6rnekleri sunan yap\u0131lar projelendiriyoruz.<\/p><p>Geli\u015fime a\u00e7\u0131k bir ekip olarak hem yerel hem de uluslararas\u0131 in\u015faat prosed\u00fcrlerini tak\u0131ndan takip ediyoruz. Projelerinizin denetim ve tasar\u0131m a\u015famalar\u0131n\u0131 \u201cg\u00fcvenli yap\u0131\u201d kriterlerimize uygun \u015fekilde haz\u0131rlayarak, sa\u011fl\u0131kl\u0131 ve huzurlu bir ya\u015fam\u0131n kap\u0131lar\u0131n\u0131 size a\u00e7\u0131yoruz.<\/p><\/div><\/div><\/div><\/div><\/div><\/div><div class=\"vc_row wpb_row vc_row-fluid vc_custom_1722839640427 vc_row-o-equal-height vc_row-o-content-middle vc_row-flex ult-vc-hide-row vc_row-has-fill\" data-rtl=\"false\" data-row-effect-mobile-disable=\"true\" data-img-parallax-mobile-disable=\"false\"><div class=\"upb_row_bg vcpb-mlvp-jquery\" data-upb_br_animation=\"\" data-img-array=\"https:\/\/megaromproje.com\/wp-content\/uploads\/2024\/07\/hakkimizda_alt_banner-2.jpg\" data-parallax_sense=\"30\" data-bg-override=\"ex-full\"><div class=\"vertical_layer_parallax\" data-p-sense=\"0.3\">\u00a0<\/div><\/div><div class=\"wpb_animate_when_almost_visible wpb_left-to-right left-to-right wpb_column vc_column_container vc_col-sm-6\"><div class=\"vc_column-inner\"><div class=\"wpb_wrapper\"><div class=\"wpb_text_column wpb_content_element  sirket_kismi\"><div class=\"wpb_wrapper\"><div class=\"mehtap-yazisi\"><p>\u0130yi tasar\u0131m ile do\u011fru tasar\u0131m ayr\u0131lmaz bir par\u00e7ad\u0131r. \u0130yi tasar\u0131m kalbe dokunurken, do\u011fru tasar\u0131m da i\u015flevselli\u011fi destekler.<\/p><p>Bir b\u00fct\u00fcn olarak ele ald\u0131\u011f\u0131m\u0131zda mimari estetik i\u00e7in vazge\u00e7ilmez de\u011ferlerdir.<br \/><br \/><\/p><\/div><\/div><\/div><\/div><\/div><\/div><div class=\"wpb_animate_when_almost_visible wpb_right-to-left right-to-left wpb_column vc_column_container vc_col-sm-6\"><div class=\"vc_column-inner\"><div class=\"wpb_wrapper\">\u00a0<\/div><\/div><\/div><\/div><div class=\"vc_row wpb_row vc_row-fluid vc_custom_1722349543064 vc_row-has-fill vc_column-gap-30 vc_row-o-equal-height vc_row-flex\" data-vc-full-width=\"true\" data-vc-full-width-init=\"true\"><div class=\"wpb_animate_when_almost_visible wpb_top-to-bottom top-to-bottom wpb_column vc_column_container vc_col-sm-1\/5\">\u00a0<\/div><\/div>\t\t\t\t\t\t\t\t<\/div>\n\t\t\t\t<\/div>\n\t\t\t\t\t<\/div>\n\t\t\t\t<\/div>\n\t\t<div class=\"elementor-element elementor-element-7076b51 e-flex e-con-boxed e-con e-child\" data-id=\"7076b51\" data-element_type=\"container\">\n\t\t\t\t\t<div class=\"e-con-inner\">\n\t\t\t\t<div class=\"elementor-element elementor-element-591aa00 elementor-widget elementor-widget-image\" data-id=\"591aa00\" data-element_type=\"widget\" data-widget_type=\"image.default\">\n\t\t\t\t<div class=\"elementor-widget-container\">\n\t\t\t\t\t\t\t\t\t\t\t\t\t\t\t<img fetchpriority=\"high\" decoding=\"async\" width=\"700\" height=\"466\" src=\"https:\/\/altinelmimari.com\/wp-content\/uploads\/2023\/12\/services-p2_a.jpg\" class=\"attachment-full size-full wp-image-1906\" alt=\"\" srcset=\"https:\/\/altinelmimari.com\/wp-content\/uploads\/2023\/12\/services-p2_a.jpg 700w, https:\/\/altinelmimari.com\/wp-content\/uploads\/2023\/12\/services-p2_a-300x200.jpg 300w\" sizes=\"(max-width: 700px) 100vw, 700px\" \/>\t\t\t\t\t\t\t\t\t\t\t\t\t\t\t<\/div>\n\t\t\t\t<\/div>\n\t\t\t\t<div class=\"elementor-element elementor-element-8f19354 elementor-widget elementor-widget-image\" data-id=\"8f19354\" data-element_type=\"widget\" data-widget_type=\"image.default\">\n\t\t\t\t<div class=\"elementor-widget-container\">\n\t\t\t\t\t\t\t\t\t\t\t\t\t\t\t<img decoding=\"async\" width=\"1024\" height=\"587\" src=\"https:\/\/altinelmimari.com\/wp-content\/uploads\/2023\/12\/services-p2_b.jpg\" class=\"attachment-full size-full wp-image-1907\" alt=\"\" srcset=\"https:\/\/altinelmimari.com\/wp-content\/uploads\/2023\/12\/services-p2_b.jpg 1024w, https:\/\/altinelmimari.com\/wp-content\/uploads\/2023\/12\/services-p2_b-300x172.jpg 300w, https:\/\/altinelmimari.com\/wp-content\/uploads\/2023\/12\/services-p2_b-768x440.jpg 768w\" sizes=\"(max-width: 1024px) 100vw, 1024px\" \/>\t\t\t\t\t\t\t\t\t\t\t\t\t\t\t<\/div>\n\t\t\t\t<\/div>\n\t\t\t\t\t<\/div>\n\t\t\t\t<\/div>\n\t\t\t\t<\/div>\n\t\t\t\t\t<\/div>\n\t\t\t\t<\/div>\n\t\t<div class=\"elementor-element elementor-element-30506da e-flex e-con-boxed e-con e-parent\" data-id=\"30506da\" data-element_type=\"container\" data-settings=\"{&quot;background_background&quot;:&quot;classic&quot;}\">\n\t\t\t\t\t<div class=\"e-con-inner\">\n\t\t\t\t<div class=\"elementor-element elementor-element-4560f61 elementor-align-center elementor-widget elementor-widget-ot-btn\" data-id=\"4560f61\" data-element_type=\"widget\" data-widget_type=\"ot-btn.default\">\n\t\t\t\t<div class=\"elementor-widget-container\">\n\t\t\t\t\t\t\t<div class=\"ot-button-wrapper\">\r\n\t\t\t<a href=\"#\" class=\"octf-btn with-icon\">\r\n\t\t\t\tGet Quotation\t\t\t\t\t\t\t\t\t<svg aria-hidden=\"true\" class=\"e-font-icon-svg e-fas-chevron-right\" viewBox=\"0 0 320 512\" xmlns=\"http:\/\/www.w3.org\/2000\/svg\"><path d=\"M285.476 272.971L91.132 467.314c-9.373 9.373-24.569 9.373-33.941 0l-22.667-22.667c-9.357-9.357-9.375-24.522-.04-33.901L188.505 256 34.484 101.255c-9.335-9.379-9.317-24.544.04-33.901l22.667-22.667c9.373-9.373 24.569-9.373 33.941 0L285.475 239.03c9.373 9.372 9.373 24.568.001 33.941z\"><\/path><\/svg>\t\t\t\t\t\t\t<\/a>\r\n\t    <\/div>\r\n\t    \t\t\t\t<\/div>\n\t\t\t\t<\/div>\n\t\t\t\t\t<\/div>\n\t\t\t\t<\/div>\n\t\t\t\t<\/div>\n\t\t","protected":false},"excerpt":{"rendered":"<p>Emlak Dan\u0131\u015fmanl\u0131\u011f\u0131 Mimari Dan\u0131\u015fmanl\u0131k Hukuki Dan\u0131\u015fmanl\u0131k Teknik,estetik ve m\u00fc\u015fteri memnuniyeti bizi bizi yapan temel yap\u0131 ta\u015flar\u0131n\u0131 olu\u015fturmakta.Bu temel ta\u015flar\u0131 ge\u00e7mi\u015fte bitirdi\u011fimiz projelerde ve s\u00fcrd\u00fcrmekte oldu\u011fumuz t\u00fcm projelerde hep vazge\u00e7ilmez bir motto olarak g\u00f6rd\u00fck. T\u00fcm ekibimiz ile \u015firketimizin k\u00fclt\u00fcr\u00fc olarak benimsedik ve hep bu do\u011frultuda yap\u0131lar in\u015faa ettik. Gelece\u011fin yap\u0131lar\u0131n\u0131 olu\u015fturmak i\u00e7in \u00e7\u0131kt\u0131\u011f\u0131m\u0131z bu heyecanl\u0131 ser\u00fcvende [&hellip;]<\/p>\n","protected":false},"author":1,"featured_media":0,"parent":1803,"menu_order":0,"comment_status":"closed","ping_status":"closed","template":"","meta":{"footnotes":""},"class_list":["post-1904","page","type-page","status-publish","hentry"],"_links":{"self":[{"href":"https:\/\/altinelmimari.com\/index.php?rest_route=\/wp\/v2\/pages\/1904","targetHints":{"allow":["GET"]}}],"collection":[{"href":"https:\/\/altinelmimari.com\/index.php?rest_route=\/wp\/v2\/pages"}],"about":[{"href":"https:\/\/altinelmimari.com\/index.php?rest_route=\/wp\/v2\/types\/page"}],"author":[{"embeddable":true,"href":"https:\/\/altinelmimari.com\/index.php?rest_route=\/wp\/v2\/users\/1"}],"replies":[{"embeddable":true,"href":"https:\/\/altinelmimari.com\/index.php?rest_route=%2Fwp%2Fv2%2Fcomments&post=1904"}],"version-history":[{"count":20,"href":"https:\/\/altinelmimari.com\/index.php?rest_route=\/wp\/v2\/pages\/1904\/revisions"}],"predecessor-version":[{"id":6539,"href":"https:\/\/altinelmimari.com\/index.php?rest_route=\/wp\/v2\/pages\/1904\/revisions\/6539"}],"up":[{"embeddable":true,"href":"https:\/\/altinelmimari.com\/index.php?rest_route=\/wp\/v2\/pages\/1803"}],"wp:attachment":[{"href":"https:\/\/altinelmimari.com\/index.php?rest_route=%2Fwp%2Fv2%2Fmedia&parent=1904"}],"curies":[{"name":"wp","href":"https:\/\/api.w.org\/{rel}","templated":true}]}}