{"id":1848,"date":"2023-12-13T07:30:05","date_gmt":"2023-12-13T07:30:05","guid":{"rendered":"https:\/\/archi.oceanthemes.site\/?page_id=1848"},"modified":"2024-11-21T11:25:24","modified_gmt":"2024-11-21T11:25:24","slug":"emlak-2","status":"publish","type":"page","link":"https:\/\/altinelmimari.com\/?page_id=1848","title":{"rendered":"Emlak Dan\u0131\u015fmanl\u0131\u011f\u0131"},"content":{"rendered":"\t\t<div data-elementor-type=\"wp-page\" data-elementor-id=\"1848\" class=\"elementor elementor-1848\">\n\t\t\t\t<div class=\"elementor-element elementor-element-f7397fa e-flex e-con-boxed e-con e-parent\" data-id=\"f7397fa\" data-element_type=\"container\">\n\t\t\t\t\t<div class=\"e-con-inner\">\n\t\t<div class=\"elementor-element elementor-element-4041e99 e-con-full e-flex e-con e-child\" data-id=\"4041e99\" data-element_type=\"container\">\n\t\t\t\t<div class=\"elementor-element elementor-element-074196c elementor-align-left elementor-widget elementor-widget-ot-btn\" data-id=\"074196c\" data-element_type=\"widget\" data-widget_type=\"ot-btn.default\">\n\t\t\t\t<div class=\"elementor-widget-container\">\n\t\t\t\t\t\t\t<div class=\"ot-button-wrapper\">\r\n\t\t\t<a href=\"https:\/\/altinelmimari.com\/?page_id=1848\" class=\"octf-btn\">\r\n\t\t\t\tEmlak Dan\u0131\u015fmanl\u0131\u011f\u0131\t\t\t\t\t\t\t<\/a>\r\n\t    <\/div>\r\n\t    \t\t\t\t<\/div>\n\t\t\t\t<\/div>\n\t\t\t\t<div class=\"elementor-element elementor-element-de08019 elementor-align-left elementor-widget elementor-widget-ot-btn\" data-id=\"de08019\" data-element_type=\"widget\" data-widget_type=\"ot-btn.default\">\n\t\t\t\t<div class=\"elementor-widget-container\">\n\t\t\t\t\t\t\t<div class=\"ot-button-wrapper\">\r\n\t\t\t<a href=\"https:\/\/altinelmimari.com\/?page_id=1904\" class=\"octf-btn\">\r\n\t\t\t\tMimari Dan\u0131\u015fmanl\u0131k\t\t\t\t\t\t\t<\/a>\r\n\t    <\/div>\r\n\t    \t\t\t\t<\/div>\n\t\t\t\t<\/div>\n\t\t\t\t<div class=\"elementor-element elementor-element-6d6bc0c elementor-align-left elementor-widget elementor-widget-ot-btn\" data-id=\"6d6bc0c\" data-element_type=\"widget\" data-widget_type=\"ot-btn.default\">\n\t\t\t\t<div class=\"elementor-widget-container\">\n\t\t\t\t\t\t\t<div class=\"ot-button-wrapper\">\r\n\t\t\t<a href=\"https:\/\/altinelmimari.com\/?page_id=1984\" class=\"octf-btn\">\r\n\t\t\t\tHukuki Dan\u0131\u015fmanl\u0131k\t\t\t\t\t\t\t<\/a>\r\n\t    <\/div>\r\n\t    \t\t\t\t<\/div>\n\t\t\t\t<\/div>\n\t\t\t\t<\/div>\n\t\t<div class=\"elementor-element elementor-element-73588b8 e-con-full e-flex e-con e-child\" data-id=\"73588b8\" data-element_type=\"container\">\n\t\t<div class=\"elementor-element elementor-element-157d22a e-flex e-con-boxed e-con e-child\" data-id=\"157d22a\" data-element_type=\"container\">\n\t\t\t\t\t<div class=\"e-con-inner\">\n\t\t\t\t<div class=\"elementor-element elementor-element-af2d474 elementor-widget elementor-widget-text-editor\" data-id=\"af2d474\" data-element_type=\"widget\" data-widget_type=\"text-editor.default\">\n\t\t\t\t<div class=\"elementor-widget-container\">\n\t\t\t\t\t\t\t\t\t<p>Alt\u0131nel Emlak ve Mimari Dan\u0131\u015fmanl\u0131k olarak birikimlerinizi, yat\u0131r\u0131mlar\u0131n\u0131z\u0131 yaparken alaca\u011f\u0131n\u0131z kararlarda, t\u00fcm bu bilgi birikimimizle ve tecr\u00fcbemizle, teknolojiyi de i\u015fin i\u00e7ine katarak gayrimenkule dair her t\u00fcrl\u00fc al\u0131m, sat\u0131m ve kiralama s\u00fcre\u00e7lerinde destek oluyor ve anahtar teslim \u00e7\u00f6z\u00fcmler sunuyoruz.<br class=\"wixui-rich-text__text\" \/>E\u011fer siz de y\u0131llarca g\u00fcvenle \u00e7al\u0131\u015fabilece\u011finiz ve memnuniyetle \u00e7evrenize \u00f6nerebilece\u011finiz bir gayrimenkul firmas\u0131 ile \u00e7al\u0131\u015fmak istiyorsan\u0131z biz buraday\u0131z.\u00a0<\/p>\t\t\t\t\t\t\t\t<\/div>\n\t\t\t\t<\/div>\n\t\t\t\t\t<\/div>\n\t\t\t\t<\/div>\n\t\t<div class=\"elementor-element elementor-element-7254e29 e-flex e-con-boxed e-con e-child\" data-id=\"7254e29\" data-element_type=\"container\">\n\t\t\t\t\t<div class=\"e-con-inner\">\n\t\t\t\t<div class=\"elementor-element elementor-element-a57cef5 elementor-widget elementor-widget-image\" data-id=\"a57cef5\" data-element_type=\"widget\" data-widget_type=\"image.default\">\n\t\t\t\t<div class=\"elementor-widget-container\">\n\t\t\t\t\t\t\t\t\t\t\t\t\t\t\t<img fetchpriority=\"high\" decoding=\"async\" width=\"700\" height=\"466\" src=\"https:\/\/altinelmimari.com\/wp-content\/uploads\/2023\/12\/services-p1_a.jpg\" class=\"attachment-full size-full wp-image-1860\" alt=\"\" srcset=\"https:\/\/altinelmimari.com\/wp-content\/uploads\/2023\/12\/services-p1_a.jpg 700w, https:\/\/altinelmimari.com\/wp-content\/uploads\/2023\/12\/services-p1_a-300x200.jpg 300w\" sizes=\"(max-width: 700px) 100vw, 700px\" \/>\t\t\t\t\t\t\t\t\t\t\t\t\t\t\t<\/div>\n\t\t\t\t<\/div>\n\t\t\t\t<div class=\"elementor-element elementor-element-601c3b2 elementor-widget elementor-widget-image\" data-id=\"601c3b2\" data-element_type=\"widget\" data-widget_type=\"image.default\">\n\t\t\t\t<div class=\"elementor-widget-container\">\n\t\t\t\t\t\t\t\t\t\t\t\t\t\t\t<img decoding=\"async\" width=\"700\" height=\"466\" src=\"https:\/\/altinelmimari.com\/wp-content\/uploads\/2023\/12\/services-p1_b.jpg\" class=\"attachment-full size-full wp-image-1859\" alt=\"\" srcset=\"https:\/\/altinelmimari.com\/wp-content\/uploads\/2023\/12\/services-p1_b.jpg 700w, https:\/\/altinelmimari.com\/wp-content\/uploads\/2023\/12\/services-p1_b-300x200.jpg 300w\" sizes=\"(max-width: 700px) 100vw, 700px\" \/>\t\t\t\t\t\t\t\t\t\t\t\t\t\t\t<\/div>\n\t\t\t\t<\/div>\n\t\t\t\t\t<\/div>\n\t\t\t\t<\/div>\n\t\t\t\t<\/div>\n\t\t\t\t\t<\/div>\n\t\t\t\t<\/div>\n\t\t<div class=\"elementor-element elementor-element-5219ca2 e-flex e-con-boxed e-con e-parent\" data-id=\"5219ca2\" data-element_type=\"container\" data-settings=\"{&quot;background_background&quot;:&quot;classic&quot;}\">\n\t\t\t\t\t<div class=\"e-con-inner\">\n\t\t\t\t<div class=\"elementor-element elementor-element-2f0d8e50 elementor-align-center elementor-widget elementor-widget-ot-btn\" data-id=\"2f0d8e50\" data-element_type=\"widget\" data-widget_type=\"ot-btn.default\">\n\t\t\t\t<div class=\"elementor-widget-container\">\n\t\t\t\t\t\t\t<div class=\"ot-button-wrapper\">\r\n\t\t\t<a href=\"#\" class=\"octf-btn with-icon\">\r\n\t\t\t\tGet Quotation\t\t\t\t\t\t\t\t\t<svg aria-hidden=\"true\" class=\"e-font-icon-svg e-fas-chevron-right\" viewBox=\"0 0 320 512\" xmlns=\"http:\/\/www.w3.org\/2000\/svg\"><path d=\"M285.476 272.971L91.132 467.314c-9.373 9.373-24.569 9.373-33.941 0l-22.667-22.667c-9.357-9.357-9.375-24.522-.04-33.901L188.505 256 34.484 101.255c-9.335-9.379-9.317-24.544.04-33.901l22.667-22.667c9.373-9.373 24.569-9.373 33.941 0L285.475 239.03c9.373 9.372 9.373 24.568.001 33.941z\"><\/path><\/svg>\t\t\t\t\t\t\t<\/a>\r\n\t    <\/div>\r\n\t    \t\t\t\t<\/div>\n\t\t\t\t<\/div>\n\t\t\t\t\t<\/div>\n\t\t\t\t<\/div>\n\t\t\t\t<\/div>\n\t\t","protected":false},"excerpt":{"rendered":"<p>Emlak Dan\u0131\u015fmanl\u0131\u011f\u0131 Mimari Dan\u0131\u015fmanl\u0131k Hukuki Dan\u0131\u015fmanl\u0131k Alt\u0131nel Emlak ve Mimari Dan\u0131\u015fmanl\u0131k olarak birikimlerinizi, yat\u0131r\u0131mlar\u0131n\u0131z\u0131 yaparken alaca\u011f\u0131n\u0131z kararlarda, t\u00fcm bu bilgi birikimimizle ve tecr\u00fcbemizle, teknolojiyi de i\u015fin i\u00e7ine katarak gayrimenkule dair her t\u00fcrl\u00fc al\u0131m, sat\u0131m ve kiralama s\u00fcre\u00e7lerinde destek oluyor ve anahtar teslim \u00e7\u00f6z\u00fcmler sunuyoruz.E\u011fer siz de y\u0131llarca g\u00fcvenle \u00e7al\u0131\u015fabilece\u011finiz ve memnuniyetle \u00e7evrenize \u00f6nerebilece\u011finiz bir gayrimenkul [&hellip;]<\/p>\n","protected":false},"author":1,"featured_media":0,"parent":1803,"menu_order":0,"comment_status":"closed","ping_status":"closed","template":"","meta":{"footnotes":""},"class_list":["post-1848","page","type-page","status-publish","hentry"],"_links":{"self":[{"href":"https:\/\/altinelmimari.com\/index.php?rest_route=\/wp\/v2\/pages\/1848","targetHints":{"allow":["GET"]}}],"collection":[{"href":"https:\/\/altinelmimari.com\/index.php?rest_route=\/wp\/v2\/pages"}],"about":[{"href":"https:\/\/altinelmimari.com\/index.php?rest_route=\/wp\/v2\/types\/page"}],"author":[{"embeddable":true,"href":"https:\/\/altinelmimari.com\/index.php?rest_route=\/wp\/v2\/users\/1"}],"replies":[{"embeddable":true,"href":"https:\/\/altinelmimari.com\/index.php?rest_route=%2Fwp%2Fv2%2Fcomments&post=1848"}],"version-history":[{"count":24,"href":"https:\/\/altinelmimari.com\/index.php?rest_route=\/wp\/v2\/pages\/1848\/revisions"}],"predecessor-version":[{"id":6533,"href":"https:\/\/altinelmimari.com\/index.php?rest_route=\/wp\/v2\/pages\/1848\/revisions\/6533"}],"up":[{"embeddable":true,"href":"https:\/\/altinelmimari.com\/index.php?rest_route=\/wp\/v2\/pages\/1803"}],"wp:attachment":[{"href":"https:\/\/altinelmimari.com\/index.php?rest_route=%2Fwp%2Fv2%2Fmedia&parent=1848"}],"curies":[{"name":"wp","href":"https:\/\/api.w.org\/{rel}","templated":true}]}}