{"id":1591,"date":"2023-12-07T09:22:36","date_gmt":"2023-12-07T09:22:36","guid":{"rendered":"https:\/\/archi.oceanthemes.site\/?page_id=1591"},"modified":"2026-02-19T12:58:49","modified_gmt":"2026-02-19T12:58:49","slug":"hakkimizda","status":"publish","type":"page","link":"https:\/\/altinelmimari.com\/?page_id=1591","title":{"rendered":"Hakk\u0131m\u0131zda"},"content":{"rendered":"\t\t<div data-elementor-type=\"wp-page\" data-elementor-id=\"1591\" class=\"elementor elementor-1591\">\n\t\t\t\t<div class=\"elementor-element elementor-element-1d2e86f e-con-full e-flex e-con e-parent\" data-id=\"1d2e86f\" data-element_type=\"container\">\n\t\t<div class=\"elementor-element elementor-element-d4f7d35 e-con-full e-flex e-con e-child\" data-id=\"d4f7d35\" data-element_type=\"container\" data-settings=\"{&quot;background_background&quot;:&quot;classic&quot;}\">\n\t\t\t\t<\/div>\n\t\t<div class=\"elementor-element elementor-element-468c191 e-con-full e-flex e-con e-child\" data-id=\"468c191\" data-element_type=\"container\">\n\t\t<div class=\"elementor-element elementor-element-3ffdd23 e-con-full e-flex e-con e-child\" data-id=\"3ffdd23\" data-element_type=\"container\">\n\t\t\t\t<div class=\"elementor-element elementor-element-6d95398 elementor-widget elementor-widget-heading\" data-id=\"6d95398\" data-element_type=\"widget\" data-widget_type=\"heading.default\">\n\t\t\t\t<div class=\"elementor-widget-container\">\n\t\t\t\t\t<h2 class=\"elementor-heading-title elementor-size-default\">Alt\u0131nel Emlak &amp; Mimari Dan\u0131\u015fmanl\u0131k\n<\/h2>\t\t\t\t<\/div>\n\t\t\t\t<\/div>\n\t\t\t\t<div class=\"elementor-element elementor-element-798790b elementor-widget elementor-widget-text-editor\" data-id=\"798790b\" data-element_type=\"widget\" data-widget_type=\"text-editor.default\">\n\t\t\t\t<div class=\"elementor-widget-container\">\n\t\t\t\t\t\t\t\t\t<p data-start=\"320\" data-end=\"593\">Alt\u0131nel Emlak ve Mimari Renovasyon, <strong data-start=\"357\" data-end=\"401\">2007 y\u0131l\u0131nda \u0130stanbul Anadolu Yakas\u0131\u2019nda<\/strong>, Century 21 ailesi \u00e7at\u0131s\u0131 alt\u0131nda kuruldu. Kuruldu\u011fu g\u00fcnden bu yana gayrimenkul al\u0131m, sat\u0131m ve kiralama alanlar\u0131nda faaliyet g\u00f6stererek sekt\u00f6rde g\u00fc\u00e7l\u00fc bir tecr\u00fcbe ve g\u00fcvenilir bir yer edindi.<\/p><p data-start=\"595\" data-end=\"762\">Y\u0131llar i\u00e7erisinde edindi\u011fimiz saha deneyimi bize \u015funu net bir \u015fekilde g\u00f6sterdi:<br data-start=\"674\" data-end=\"677\" \/>Bir gayrimenkul\u00fcn ger\u00e7ek de\u011feri, <strong data-start=\"710\" data-end=\"748\">do\u011fru tasar\u0131m ve do\u011fru uygulamayla<\/strong> ortaya \u00e7\u0131kar.<\/p><p data-start=\"764\" data-end=\"1057\">Sat\u0131\u015f\u0131n\u0131 ger\u00e7ekle\u015ftirdi\u011fimiz konut ve ticari alanlar\u0131n b\u00fcy\u00fck bir k\u0131sm\u0131, yeni sahipleri taraf\u0131ndan tadilata al\u0131nd\u0131; kimi zaman ya\u015fam alan\u0131 olarak yenilendi, kimi zaman ise de\u011fer art\u0131r\u0131larak yeniden sat\u0131\u015fa sunuldu. Bu g\u00f6zlem ve birikim, bizi hizmet anlay\u0131\u015f\u0131m\u0131z\u0131 bir ad\u0131m ileri ta\u015f\u0131maya y\u00f6neltti.<\/p><p data-start=\"1059\" data-end=\"1358\">Bu do\u011frultuda <strong data-start=\"1073\" data-end=\"1089\">2015 y\u0131l\u0131nda<\/strong>, faaliyet alan\u0131m\u0131za mimari dan\u0131\u015fmanl\u0131k, i\u00e7 mek\u00e2n tasar\u0131m\u0131, dekorasyon ve anahtar teslim tadilat hizmetlerini ekledik. Ayn\u0131 d\u00f6nemde i\u015f yerimizin ismini <strong data-start=\"1241\" data-end=\"1280\">Alt\u0131nel Mimari ve Emlak Dan\u0131\u015fmanl\u0131\u011f\u0131<\/strong> olarak yenileyerek, bug\u00fcn h\u00e2l\u00e2 s\u00fcrd\u00fcrd\u00fc\u011f\u00fcm\u00fcz b\u00fct\u00fcnc\u00fcl hizmet modeline ge\u00e7tik.<\/p><p data-start=\"1360\" data-end=\"1376\">Bug\u00fcn Alt\u0131nel Mimari &amp; Emlak Dan\u0131\u015fmanl\u0131\u011f\u0131;<\/p><ul data-start=\"1377\" data-end=\"1544\"><li data-start=\"1377\" data-end=\"1415\"><p data-start=\"1379\" data-end=\"1415\">Gayrimenkul al\u0131m\u2013sat\u0131m ve kiralama<\/p><\/li><li data-start=\"1416\" data-end=\"1495\"><p data-start=\"1418\" data-end=\"1495\">Sat\u0131n al\u0131nan konut ve ticari alanlar i\u00e7in <strong data-start=\"1460\" data-end=\"1493\">komple anahtar teslim tadilat<\/strong><\/p><\/li><li data-start=\"1496\" data-end=\"1544\"><p data-start=\"1498\" data-end=\"1544\">Konsept tasar\u0131m ve uygulama\u00a0<\/p><\/li><\/ul><p data-start=\"1546\" data-end=\"1592\">hizmetlerini <strong data-start=\"1559\" data-end=\"1579\">tek \u00e7at\u0131 alt\u0131nda<\/strong> sunmaktad\u0131r.<\/p><p data-start=\"1594\" data-end=\"1912\">Amac\u0131m\u0131z yaln\u0131zca bir m\u00fclk satmak de\u011fil; o m\u00fclk\u00fcn <strong data-start=\"1644\" data-end=\"1677\">potansiyelini ortaya \u00e7\u0131karmak<\/strong>, ya\u015fam veya yat\u0131r\u0131m de\u011feri y\u00fcksek, do\u011fru projeler \u00fcretmektir. Gayrimenkul bilgisi ile mimari bak\u0131\u015f a\u00e7\u0131s\u0131n\u0131 birle\u015ftiren bu yakla\u015f\u0131m sayesinde, m\u00fc\u015fterilerimize zaman kazand\u0131ran, maliyeti do\u011fru y\u00f6neten ve sonu\u00e7 odakl\u0131 \u00e7\u00f6z\u00fcmler sunuyoruz.<\/p><p data-start=\"1914\" data-end=\"2075\">Alt\u0131nel Mimari ve Emlak Dan\u0131\u015fmanl\u0131\u011f\u0131nda her proje, <strong data-start=\"1936\" data-end=\"1972\">tecr\u00fcbe, \u015feffafl\u0131k ve sorumluluk<\/strong> anlay\u0131\u015f\u0131yla ele al\u0131n\u0131r.<br data-start=\"1996\" data-end=\"1999\" \/>\u00c7\u00fcnk\u00fc bizim i\u00e7in \u00f6nemli olan sadece bug\u00fcn\u00fcn i\u015fi de\u011fil, yar\u0131n\u0131n referans\u0131d\u0131r.<\/p>\t\t\t\t\t\t\t\t<\/div>\n\t\t\t\t<\/div>\n\t\t\t\t<\/div>\n\t\t\t\t<\/div>\n\t\t\t\t<\/div>\n\t\t<div class=\"elementor-element elementor-element-0f547b7 e-flex e-con-boxed e-con e-parent\" data-id=\"0f547b7\" data-element_type=\"container\" data-settings=\"{&quot;background_background&quot;:&quot;classic&quot;}\">\n\t\t\t\t\t<div class=\"e-con-inner\">\n\t\t<div class=\"elementor-element elementor-element-c379446 e-con-full e-flex e-con e-child\" data-id=\"c379446\" data-element_type=\"container\">\n\t\t\t\t<\/div>\n\t\t\t\t\t<\/div>\n\t\t\t\t<\/div>\n\t\t<div class=\"elementor-element elementor-element-0e1e2b0 e-flex e-con-boxed e-con e-parent\" data-id=\"0e1e2b0\" data-element_type=\"container\" data-settings=\"{&quot;background_background&quot;:&quot;classic&quot;}\">\n\t\t\t\t\t<div class=\"e-con-inner\">\n\t\t\t\t<div class=\"elementor-element elementor-element-dc3d4af elementor-align-center elementor-widget elementor-widget-ot-btn\" data-id=\"dc3d4af\" data-element_type=\"widget\" data-widget_type=\"ot-btn.default\">\n\t\t\t\t<div class=\"elementor-widget-container\">\n\t\t\t\t\t\t\t<div class=\"ot-button-wrapper\">\r\n\t\t\t<a href=\"https:\/\/altinelmimari.com\/?page_id=1473\" class=\"octf-btn with-icon\">\r\n\t\t\t\tBizi Aray\u0131n\t\t\t\t\t\t\t\t\t<svg aria-hidden=\"true\" class=\"e-font-icon-svg e-fas-chevron-right\" viewBox=\"0 0 320 512\" xmlns=\"http:\/\/www.w3.org\/2000\/svg\"><path d=\"M285.476 272.971L91.132 467.314c-9.373 9.373-24.569 9.373-33.941 0l-22.667-22.667c-9.357-9.357-9.375-24.522-.04-33.901L188.505 256 34.484 101.255c-9.335-9.379-9.317-24.544.04-33.901l22.667-22.667c9.373-9.373 24.569-9.373 33.941 0L285.475 239.03c9.373 9.372 9.373 24.568.001 33.941z\"><\/path><\/svg>\t\t\t\t\t\t\t<\/a>\r\n\t    <\/div>\r\n\t    \t\t\t\t<\/div>\n\t\t\t\t<\/div>\n\t\t\t\t\t<\/div>\n\t\t\t\t<\/div>\n\t\t\t\t<\/div>\n\t\t","protected":false},"excerpt":{"rendered":"<p>Alt\u0131nel Emlak &amp; Mimari Dan\u0131\u015fmanl\u0131k Alt\u0131nel Emlak ve Mimari Renovasyon, 2007 y\u0131l\u0131nda \u0130stanbul Anadolu Yakas\u0131\u2019nda, Century 21 ailesi \u00e7at\u0131s\u0131 alt\u0131nda kuruldu. Kuruldu\u011fu g\u00fcnden bu yana gayrimenkul al\u0131m, sat\u0131m ve kiralama alanlar\u0131nda faaliyet g\u00f6stererek sekt\u00f6rde g\u00fc\u00e7l\u00fc bir tecr\u00fcbe ve g\u00fcvenilir bir yer edindi. Y\u0131llar i\u00e7erisinde edindi\u011fimiz saha deneyimi bize \u015funu net bir \u015fekilde g\u00f6sterdi:Bir gayrimenkul\u00fcn ger\u00e7ek [&hellip;]<\/p>\n","protected":false},"author":1,"featured_media":0,"parent":0,"menu_order":0,"comment_status":"closed","ping_status":"closed","template":"","meta":{"footnotes":""},"class_list":["post-1591","page","type-page","status-publish","hentry"],"_links":{"self":[{"href":"https:\/\/altinelmimari.com\/index.php?rest_route=\/wp\/v2\/pages\/1591","targetHints":{"allow":["GET"]}}],"collection":[{"href":"https:\/\/altinelmimari.com\/index.php?rest_route=\/wp\/v2\/pages"}],"about":[{"href":"https:\/\/altinelmimari.com\/index.php?rest_route=\/wp\/v2\/types\/page"}],"author":[{"embeddable":true,"href":"https:\/\/altinelmimari.com\/index.php?rest_route=\/wp\/v2\/users\/1"}],"replies":[{"embeddable":true,"href":"https:\/\/altinelmimari.com\/index.php?rest_route=%2Fwp%2Fv2%2Fcomments&post=1591"}],"version-history":[{"count":72,"href":"https:\/\/altinelmimari.com\/index.php?rest_route=\/wp\/v2\/pages\/1591\/revisions"}],"predecessor-version":[{"id":7166,"href":"https:\/\/altinelmimari.com\/index.php?rest_route=\/wp\/v2\/pages\/1591\/revisions\/7166"}],"wp:attachment":[{"href":"https:\/\/altinelmimari.com\/index.php?rest_route=%2Fwp%2Fv2%2Fmedia&parent=1591"}],"curies":[{"name":"wp","href":"https:\/\/api.w.org\/{rel}","templated":true}]}}