{"id":1473,"date":"2023-12-06T10:32:38","date_gmt":"2023-12-06T10:32:38","guid":{"rendered":"https:\/\/archi.oceanthemes.site\/?page_id=1473"},"modified":"2026-01-13T10:50:59","modified_gmt":"2026-01-13T10:50:59","slug":"iletisim","status":"publish","type":"page","link":"https:\/\/altinelmimari.com\/?page_id=1473","title":{"rendered":"\u0130leti\u015fim"},"content":{"rendered":"\t\t<div data-elementor-type=\"wp-page\" data-elementor-id=\"1473\" class=\"elementor elementor-1473\">\n\t\t\t\t<div class=\"elementor-element elementor-element-a23414b e-flex e-con-boxed e-con e-parent\" data-id=\"a23414b\" data-element_type=\"container\">\n\t\t\t\t\t<div class=\"e-con-inner\">\n\t\t\t\t<div class=\"elementor-element elementor-element-406fb85 elementor-widget elementor-widget-google_maps\" data-id=\"406fb85\" data-element_type=\"widget\" data-widget_type=\"google_maps.default\">\n\t\t\t\t<div class=\"elementor-widget-container\">\n\t\t\t\t\t\t\t<div class=\"elementor-custom-embed\">\n\t\t\t<iframe loading=\"lazy\"\n\t\t\t\t\tsrc=\"https:\/\/maps.google.com\/maps?q=Suadiye%20Mahallesi%20Noter%20Sokak%2019%2FA%20kad%C4%B1k%C3%B6y%20%C4%B0stanbul&#038;t=m&#038;z=16&#038;output=embed&#038;iwloc=near\"\n\t\t\t\t\ttitle=\"Suadiye Mahallesi Noter Sokak 19\/A kad\u0131k\u00f6y \u0130stanbul\"\n\t\t\t\t\taria-label=\"Suadiye Mahallesi Noter Sokak 19\/A kad\u0131k\u00f6y \u0130stanbul\"\n\t\t\t><\/iframe>\n\t\t<\/div>\n\t\t\t\t\t\t<\/div>\n\t\t\t\t<\/div>\n\t\t\t\t\t<\/div>\n\t\t\t\t<\/div>\n\t\t<div class=\"elementor-element elementor-element-45926dc e-flex e-con-boxed e-con e-parent\" data-id=\"45926dc\" data-element_type=\"container\">\n\t\t\t\t\t<div class=\"e-con-inner\">\n\t\t<div class=\"elementor-element elementor-element-05124e2 e-con-full e-flex e-con e-child\" data-id=\"05124e2\" data-element_type=\"container\">\n\t\t<div class=\"elementor-element elementor-element-a0d42af e-con-full e-flex e-con e-child\" data-id=\"a0d42af\" data-element_type=\"container\">\n\t\t\t\t<div class=\"elementor-element elementor-element-dd44ccf elementor-widget elementor-widget-heading\" data-id=\"dd44ccf\" data-element_type=\"widget\" data-widget_type=\"heading.default\">\n\t\t\t\t<div class=\"elementor-widget-container\">\n\t\t\t\t\t<h3 class=\"elementor-heading-title elementor-size-default\">L\u00dcTFEN RAHATSIZ ED\u0130N<\/h3>\t\t\t\t<\/div>\n\t\t\t\t<\/div>\n\t\t<div class=\"elementor-element elementor-element-15963ad e-flex e-con-boxed e-con e-child\" data-id=\"15963ad\" data-element_type=\"container\">\n\t\t\t\t\t<div class=\"e-con-inner\">\n\t\t\t\t<div class=\"elementor-element elementor-element-3923b0c elementor-widget__width-inherit elementor-widget elementor-widget-text-editor\" data-id=\"3923b0c\" data-element_type=\"widget\" data-widget_type=\"text-editor.default\">\n\t\t\t\t<div class=\"elementor-widget-container\">\n\t\t\t\t\t\t\t\t\t<p>Her t\u00fcrl\u00fc soru, \u00f6neri ve \u00fccretsiz ke\u015fif talepleriniz i\u00e7in yan tarafta bulunan ileti\u015fim bilgilerimizden bize ula\u015fabilirsiniz.<\/p><p>\u015eimdiden bizi tercih etti\u011finiz i\u00e7in te\u015fekk\u00fcr ederiz.<\/p>\t\t\t\t\t\t\t\t<\/div>\n\t\t\t\t<\/div>\n\t\t\t\t\t<\/div>\n\t\t\t\t<\/div>\n\t\t\t\t<\/div>\n\t\t\t\t<\/div>\n\t\t<div class=\"elementor-element elementor-element-54039da e-con-full e-flex e-con e-child\" data-id=\"54039da\" data-element_type=\"container\">\n\t\t\t\t<div class=\"elementor-element elementor-element-8da832d elementor-widget elementor-widget-heading\" data-id=\"8da832d\" data-element_type=\"widget\" data-widget_type=\"heading.default\">\n\t\t\t\t<div class=\"elementor-widget-container\">\n\t\t\t\t\t<h3 class=\"elementor-heading-title elementor-size-default\">\u0130leti\u015fim Bilgileri<\/h3>\t\t\t\t<\/div>\n\t\t\t\t<\/div>\n\t\t<div class=\"elementor-element elementor-element-b68f0b7 e-flex e-con-boxed e-con e-child\" data-id=\"b68f0b7\" data-element_type=\"container\">\n\t\t\t\t\t<div class=\"e-con-inner\">\n\t\t\t\t<div class=\"elementor-element elementor-element-73d0ca7 elementor-widget__width-initial elementor-widget elementor-widget-heading\" data-id=\"73d0ca7\" data-element_type=\"widget\" data-widget_type=\"heading.default\">\n\t\t\t\t<div class=\"elementor-widget-container\">\n\t\t\t\t\t<span class=\"elementor-heading-title elementor-size-default\">Adres:<\/span>\t\t\t\t<\/div>\n\t\t\t\t<\/div>\n\t\t\t\t<div class=\"elementor-element elementor-element-b9acfaf elementor-widget elementor-widget-text-editor\" data-id=\"b9acfaf\" data-element_type=\"widget\" data-widget_type=\"text-editor.default\">\n\t\t\t\t<div class=\"elementor-widget-container\">\n\t\t\t\t\t\t\t\t\t<p>Suadiye Mahallesi Noter Sokak 19\/ A Kad\u0131k\u00f6y \u0130stanbul<\/p>\t\t\t\t\t\t\t\t<\/div>\n\t\t\t\t<\/div>\n\t\t\t\t\t<\/div>\n\t\t\t\t<\/div>\n\t\t<div class=\"elementor-element elementor-element-31f78bd e-flex e-con-boxed e-con e-child\" data-id=\"31f78bd\" data-element_type=\"container\">\n\t\t\t\t\t<div class=\"e-con-inner\">\n\t\t\t\t<div class=\"elementor-element elementor-element-bba3156 elementor-widget__width-initial elementor-widget elementor-widget-heading\" data-id=\"bba3156\" data-element_type=\"widget\" data-widget_type=\"heading.default\">\n\t\t\t\t<div class=\"elementor-widget-container\">\n\t\t\t\t\t<span class=\"elementor-heading-title elementor-size-default\">Telefon:<\/span>\t\t\t\t<\/div>\n\t\t\t\t<\/div>\n\t\t\t\t<div class=\"elementor-element elementor-element-96a24c3 elementor-widget elementor-widget-text-editor\" data-id=\"96a24c3\" data-element_type=\"widget\" data-widget_type=\"text-editor.default\">\n\t\t\t\t<div class=\"elementor-widget-container\">\n\t\t\t\t\t\t\t\t\t<p>(0532) 732 23 37<\/p>\t\t\t\t\t\t\t\t<\/div>\n\t\t\t\t<\/div>\n\t\t\t\t\t<\/div>\n\t\t\t\t<\/div>\n\t\t<div class=\"elementor-element elementor-element-faa4dd0 e-flex e-con-boxed e-con e-child\" data-id=\"faa4dd0\" data-element_type=\"container\">\n\t\t\t\t\t<div class=\"e-con-inner\">\n\t\t\t\t<div class=\"elementor-element elementor-element-baaaaca elementor-widget__width-initial elementor-widget elementor-widget-heading\" data-id=\"baaaaca\" data-element_type=\"widget\" data-widget_type=\"heading.default\">\n\t\t\t\t<div class=\"elementor-widget-container\">\n\t\t\t\t\t<span class=\"elementor-heading-title elementor-size-default\">Email:<\/span>\t\t\t\t<\/div>\n\t\t\t\t<\/div>\n\t\t\t\t<div class=\"elementor-element elementor-element-be451ff elementor-widget elementor-widget-text-editor\" data-id=\"be451ff\" data-element_type=\"widget\" data-widget_type=\"text-editor.default\">\n\t\t\t\t<div class=\"elementor-widget-container\">\n\t\t\t\t\t\t\t\t\t<p><a href=\"mailto:info@altinelmimari.com\">info@altinelmimari.com<\/a><\/p>\t\t\t\t\t\t\t\t<\/div>\n\t\t\t\t<\/div>\n\t\t\t\t\t<\/div>\n\t\t\t\t<\/div>\n\t\t<div class=\"elementor-element elementor-element-23b5212 e-flex e-con-boxed e-con e-child\" data-id=\"23b5212\" data-element_type=\"container\">\n\t\t\t\t\t<div class=\"e-con-inner\">\n\t\t\t\t<div class=\"elementor-element elementor-element-912da1e elementor-widget__width-initial elementor-widget elementor-widget-heading\" data-id=\"912da1e\" data-element_type=\"widget\" data-widget_type=\"heading.default\">\n\t\t\t\t<div class=\"elementor-widget-container\">\n\t\t\t\t\t<span class=\"elementor-heading-title elementor-size-default\">Web:<\/span>\t\t\t\t<\/div>\n\t\t\t\t<\/div>\n\t\t\t\t<div class=\"elementor-element elementor-element-3cdbab1 elementor-widget elementor-widget-text-editor\" data-id=\"3cdbab1\" data-element_type=\"widget\" data-widget_type=\"text-editor.default\">\n\t\t\t\t<div class=\"elementor-widget-container\">\n\t\t\t\t\t\t\t\t\t<p><a href=\"http:\/\/www.altinelmimari.com\">http:\/\/www.altinelmimari.com<\/a><\/p>\t\t\t\t\t\t\t\t<\/div>\n\t\t\t\t<\/div>\n\t\t\t\t\t<\/div>\n\t\t\t\t<\/div>\n\t\t<div class=\"elementor-element elementor-element-8cfe14f e-flex e-con-boxed e-con e-child\" data-id=\"8cfe14f\" data-element_type=\"container\">\n\t\t\t\t\t<div class=\"e-con-inner\">\n\t\t\t\t<div class=\"elementor-element elementor-element-5567daf elementor-widget__width-initial elementor-widget elementor-widget-heading\" data-id=\"5567daf\" data-element_type=\"widget\" data-widget_type=\"heading.default\">\n\t\t\t\t<div class=\"elementor-widget-container\">\n\t\t\t\t\t<span class=\"elementor-heading-title elementor-size-default\">Instagram:<\/span>\t\t\t\t<\/div>\n\t\t\t\t<\/div>\n\t\t\t\t<div class=\"elementor-element elementor-element-b96238c elementor-widget elementor-widget-text-editor\" data-id=\"b96238c\" data-element_type=\"widget\" data-widget_type=\"text-editor.default\">\n\t\t\t\t<div class=\"elementor-widget-container\">\n\t\t\t\t\t\t\t\t\t<p><a href=\"http:\/\/www.instagram.com\/altinelmimari\">altinelmimari<\/a><\/p>\t\t\t\t\t\t\t\t<\/div>\n\t\t\t\t<\/div>\n\t\t\t\t\t<\/div>\n\t\t\t\t<\/div>\n\t\t\t\t<\/div>\n\t\t\t\t\t<\/div>\n\t\t\t\t<\/div>\n\t\t<div class=\"elementor-element elementor-element-67d5451 e-flex e-con-boxed e-con e-parent\" data-id=\"67d5451\" data-element_type=\"container\">\n\t\t\t\t\t<div class=\"e-con-inner\">\n\t\t\t\t\t<\/div>\n\t\t\t\t<\/div>\n\t\t<div class=\"elementor-element elementor-element-17b8258 e-flex e-con-boxed e-con e-parent\" data-id=\"17b8258\" data-element_type=\"container\">\n\t\t\t\t\t<div class=\"e-con-inner\">\n\t\t\t\t\t<\/div>\n\t\t\t\t<\/div>\n\t\t<div class=\"elementor-element elementor-element-85b821b e-flex e-con-boxed e-con e-parent\" data-id=\"85b821b\" data-element_type=\"container\">\n\t\t\t\t\t<div class=\"e-con-inner\">\n\t\t\t\t\t<\/div>\n\t\t\t\t<\/div>\n\t\t<div class=\"elementor-element elementor-element-f2ad91c e-flex e-con-boxed e-con e-parent\" data-id=\"f2ad91c\" data-element_type=\"container\">\n\t\t\t\t\t<div class=\"e-con-inner\">\n\t\t\t\t\t<\/div>\n\t\t\t\t<\/div>\n\t\t\t\t<\/div>\n\t\t","protected":false},"excerpt":{"rendered":"<p>L\u00dcTFEN RAHATSIZ ED\u0130N Her t\u00fcrl\u00fc soru, \u00f6neri ve \u00fccretsiz ke\u015fif talepleriniz i\u00e7in yan tarafta bulunan ileti\u015fim bilgilerimizden bize ula\u015fabilirsiniz. \u015eimdiden bizi tercih etti\u011finiz i\u00e7in te\u015fekk\u00fcr ederiz. \u0130leti\u015fim Bilgileri Adres: Suadiye Mahallesi Noter Sokak 19\/ A Kad\u0131k\u00f6y \u0130stanbul Telefon: (0532) 732 23 37 Email: info@altinelmimari.com Web: http:\/\/www.altinelmimari.com Instagram: altinelmimari<\/p>\n","protected":false},"author":1,"featured_media":0,"parent":0,"menu_order":0,"comment_status":"closed","ping_status":"closed","template":"","meta":{"footnotes":""},"class_list":["post-1473","page","type-page","status-publish","hentry"],"_links":{"self":[{"href":"https:\/\/altinelmimari.com\/index.php?rest_route=\/wp\/v2\/pages\/1473","targetHints":{"allow":["GET"]}}],"collection":[{"href":"https:\/\/altinelmimari.com\/index.php?rest_route=\/wp\/v2\/pages"}],"about":[{"href":"https:\/\/altinelmimari.com\/index.php?rest_route=\/wp\/v2\/types\/page"}],"author":[{"embeddable":true,"href":"https:\/\/altinelmimari.com\/index.php?rest_route=\/wp\/v2\/users\/1"}],"replies":[{"embeddable":true,"href":"https:\/\/altinelmimari.com\/index.php?rest_route=%2Fwp%2Fv2%2Fcomments&post=1473"}],"version-history":[{"count":40,"href":"https:\/\/altinelmimari.com\/index.php?rest_route=\/wp\/v2\/pages\/1473\/revisions"}],"predecessor-version":[{"id":7063,"href":"https:\/\/altinelmimari.com\/index.php?rest_route=\/wp\/v2\/pages\/1473\/revisions\/7063"}],"wp:attachment":[{"href":"https:\/\/altinelmimari.com\/index.php?rest_route=%2Fwp%2Fv2%2Fmedia&parent=1473"}],"curies":[{"name":"wp","href":"https:\/\/api.w.org\/{rel}","templated":true}]}}